{"id":341698,"date":"2025-12-02T10:09:05","date_gmt":"2025-12-02T13:09:05","guid":{"rendered":"https:\/\/www.livrariarema.com.br\/loja\/produtos\/sem categoria\/10-dias-para-o-fim-do-mundo\/"},"modified":"2026-02-28T11:32:30","modified_gmt":"2026-02-28T14:32:30","slug":"10-dias-para-o-fim-do-mundo","status":"publish","type":"product","link":"https:\/\/www.livrariarema.com.br\/loja\/produtos\/livros\/ficcao\/10-dias-para-o-fim-do-mundo\/","title":{"rendered":"10 Dias Para O Fim Do Mundo"},"content":{"rendered":"<p>O rel\u00f3gio come\u00e7ou a correr &#8211; e n\u00e3o h\u00e1 como det\u00ea-lo. Guilherme nunca acreditou em profecias, mas agora se v\u00ea no centro de uma trama invis\u00edvel onde realidade e pesadelo colidem. Algo antigo o marcou. For\u00e7as sombrias o escolheram. Ele \u00e9 mais do que um homem comum: \u00e9 a pe\u00e7a-chave nos planos que preparam a chegada do Anticristo \u00e0 Terra. E todos os reinos &#8211; vis\u00edveis e invis\u00edveis &#8211; sabem disso. Guilherme foi escolhido&#8230;n\u00e3o para salvar o mundo, mas para abrir o caminho para sua ru\u00edna.<\/p>\n<p>Enquanto o mundo mergulha em colapso e os sinais se tornam imposs\u00edveis de ignorar, surge Daniel, o Eclesi\u00e1stico do s\u00e9culo XXI, com palavras que rasgam certezas e revelam o invis\u00edvel. O fim n\u00e3o est\u00e1 chegando.<\/p>\n<p>Um spin-off da saga Eclesi\u00e1stico, HQ de fic\u00e7\u00e3o fant\u00e1stica ganhadora do Pr\u00eamio Aret\u00e9 de Literatura Crist\u00e3 e finalista do Trof\u00e9u HQ Mix. <\/p>\n","protected":false},"excerpt":{"rendered":"<p>O rel\u00f3gio come\u00e7ou a correr &#8211; e n\u00e3o h\u00e1 como det\u00ea-lo. Guilherme nunca acreditou em profecias, mas agora se v\u00ea&hellip;<\/p>\n","protected":false},"featured_media":344331,"comment_status":"open","ping_status":"closed","template":"","meta":[],"product_cat":[162,134],"product_tag":[],"_links":{"self":[{"href":"https:\/\/www.livrariarema.com.br\/loja\/wp-json\/wp\/v2\/product\/341698"}],"collection":[{"href":"https:\/\/www.livrariarema.com.br\/loja\/wp-json\/wp\/v2\/product"}],"about":[{"href":"https:\/\/www.livrariarema.com.br\/loja\/wp-json\/wp\/v2\/types\/product"}],"replies":[{"embeddable":true,"href":"https:\/\/www.livrariarema.com.br\/loja\/wp-json\/wp\/v2\/comments?post=341698"}],"wp:featuredmedia":[{"embeddable":true,"href":"https:\/\/www.livrariarema.com.br\/loja\/wp-json\/wp\/v2\/media\/344331"}],"wp:attachment":[{"href":"https:\/\/www.livrariarema.com.br\/loja\/wp-json\/wp\/v2\/media?parent=341698"}],"wp:term":[{"taxonomy":"product_cat","embeddable":true,"href":"https:\/\/www.livrariarema.com.br\/loja\/wp-json\/wp\/v2\/product_cat?post=341698"},{"taxonomy":"product_tag","embeddable":true,"href":"https:\/\/www.livrariarema.com.br\/loja\/wp-json\/wp\/v2\/product_tag?post=341698"}],"curies":[{"name":"wp","href":"https:\/\/api.w.org\/{rel}","templated":true}]}}