{"id":341704,"date":"2025-12-02T10:09:25","date_gmt":"2025-12-02T13:09:25","guid":{"rendered":"https:\/\/www.livrariarema.com.br\/loja\/produtos\/sem categoria\/o-bolo-la-vie-pascoa-join-kids-livro-infantil-bilingue\/"},"modified":"2026-04-08T14:07:17","modified_gmt":"2026-04-08T17:07:17","slug":"o-bolo-la-vie-pascoa-join-kids-livro-infantil-bilingue","status":"publish","type":"product","link":"https:\/\/www.livrariarema.com.br\/loja\/produtos\/livros\/infantil\/o-bolo-la-vie-pascoa-join-kids-livro-infantil-bilingue\/","title":{"rendered":"O Bolo La Vie! &#8211; P\u00e1scoa &#8211; Join Kids &#8211; Livro Infantil Bilingue"},"content":{"rendered":"<p>O Bolo La Vie! <\/p>\n<p>A hist\u00f3ria da salva\u00e7\u00e3o contada de um jeito divertido e bem diferente. O Bolo La Vie! conta como Deus, comparado ao Grande Master Chef do Universo fez um fant\u00e1stico bolo cheio de vida usando muitos igredientes especiais. Um dia por\u00e9m, esse bolo se afastou de Deus e foi contaminado pelo lodo-mofado do pecado que \u00e9 cheio de inveja e maldade, destruindo a obra de arte do Grande Master Chef. Mas mesmo assim, Deus comprou o bolo estragado pagando um alto pre\u00e7o por ele!<\/p>\n","protected":false},"excerpt":{"rendered":"<p>O Bolo La Vie! A hist\u00f3ria da salva\u00e7\u00e3o contada de um jeito divertido e bem diferente. O Bolo La Vie!&hellip;<\/p>\n","protected":false},"featured_media":341703,"comment_status":"open","ping_status":"closed","template":"","meta":[],"product_cat":[144,134],"product_tag":[],"_links":{"self":[{"href":"https:\/\/www.livrariarema.com.br\/loja\/wp-json\/wp\/v2\/product\/341704"}],"collection":[{"href":"https:\/\/www.livrariarema.com.br\/loja\/wp-json\/wp\/v2\/product"}],"about":[{"href":"https:\/\/www.livrariarema.com.br\/loja\/wp-json\/wp\/v2\/types\/product"}],"replies":[{"embeddable":true,"href":"https:\/\/www.livrariarema.com.br\/loja\/wp-json\/wp\/v2\/comments?post=341704"}],"wp:featuredmedia":[{"embeddable":true,"href":"https:\/\/www.livrariarema.com.br\/loja\/wp-json\/wp\/v2\/media\/341703"}],"wp:attachment":[{"href":"https:\/\/www.livrariarema.com.br\/loja\/wp-json\/wp\/v2\/media?parent=341704"}],"wp:term":[{"taxonomy":"product_cat","embeddable":true,"href":"https:\/\/www.livrariarema.com.br\/loja\/wp-json\/wp\/v2\/product_cat?post=341704"},{"taxonomy":"product_tag","embeddable":true,"href":"https:\/\/www.livrariarema.com.br\/loja\/wp-json\/wp\/v2\/product_tag?post=341704"}],"curies":[{"name":"wp","href":"https:\/\/api.w.org\/{rel}","templated":true}]}}