{"id":341708,"date":"2025-12-02T10:09:40","date_gmt":"2025-12-02T13:09:40","guid":{"rendered":"https:\/\/www.livrariarema.com.br\/loja\/produtos\/sem categoria\/rebeca-resposta-de-oracao-join-kids-livro-infantil-bilingue\/"},"modified":"2026-02-25T14:33:39","modified_gmt":"2026-02-25T17:33:39","slug":"rebeca-resposta-de-oracao-join-kids-livro-infantil-bilingue","status":"publish","type":"product","link":"https:\/\/www.livrariarema.com.br\/loja\/produtos\/livros\/infantil\/rebeca-resposta-de-oracao-join-kids-livro-infantil-bilingue\/","title":{"rendered":"Rebeca : Resposta De Ora\u00e7\u00e3o &#8211; Join Kids &#8211; Livro Infantil Bilingue"},"content":{"rendered":"<p>Rebeca: Uma Resposta de Ora\u00e7\u00e3o <\/p>\n<p>Conhe\u00e7a Rebeca, uma mo\u00e7a muito temente a Deus! Eliezer, servo de Abr\u00e3o, orou ao Senhor pedindo um sinal e uma dire\u00e7\u00e3o para que Deus mostrasse quem se tornaria a esposa do filho do seu senhor. Rebeca, por sua vez, foi a resposta! Tirou \u00e1gua do po\u00e7o e deu de beber a Eliezer e aos seu dez camelos, com muita bondade e hospitalidade. Tornou-se ent\u00e3o esposa de Isaque, continuando o legado da promessa que Deus havia feito a Abr\u00e3ao! <\/p>\n","protected":false},"excerpt":{"rendered":"<p>Rebeca: Uma Resposta de Ora\u00e7\u00e3o Conhe\u00e7a Rebeca, uma mo\u00e7a muito temente a Deus! Eliezer, servo de Abr\u00e3o, orou ao Senhor&hellip;<\/p>\n","protected":false},"featured_media":341707,"comment_status":"open","ping_status":"closed","template":"","meta":[],"product_cat":[144,134],"product_tag":[],"_links":{"self":[{"href":"https:\/\/www.livrariarema.com.br\/loja\/wp-json\/wp\/v2\/product\/341708"}],"collection":[{"href":"https:\/\/www.livrariarema.com.br\/loja\/wp-json\/wp\/v2\/product"}],"about":[{"href":"https:\/\/www.livrariarema.com.br\/loja\/wp-json\/wp\/v2\/types\/product"}],"replies":[{"embeddable":true,"href":"https:\/\/www.livrariarema.com.br\/loja\/wp-json\/wp\/v2\/comments?post=341708"}],"wp:featuredmedia":[{"embeddable":true,"href":"https:\/\/www.livrariarema.com.br\/loja\/wp-json\/wp\/v2\/media\/341707"}],"wp:attachment":[{"href":"https:\/\/www.livrariarema.com.br\/loja\/wp-json\/wp\/v2\/media?parent=341708"}],"wp:term":[{"taxonomy":"product_cat","embeddable":true,"href":"https:\/\/www.livrariarema.com.br\/loja\/wp-json\/wp\/v2\/product_cat?post=341708"},{"taxonomy":"product_tag","embeddable":true,"href":"https:\/\/www.livrariarema.com.br\/loja\/wp-json\/wp\/v2\/product_tag?post=341708"}],"curies":[{"name":"wp","href":"https:\/\/api.w.org\/{rel}","templated":true}]}}