{"id":341728,"date":"2025-12-02T10:21:31","date_gmt":"2025-12-02T13:21:31","guid":{"rendered":"https:\/\/www.livrariarema.com.br\/loja\/produtos\/sem categoria\/jogo-de-cartas-inculca-biblico-6-jogos-em-1\/"},"modified":"2025-12-19T19:50:41","modified_gmt":"2025-12-19T22:50:41","slug":"jogo-de-cartas-inculca-biblico-6-jogos-em-1","status":"publish","type":"product","link":"https:\/\/www.livrariarema.com.br\/loja\/produtos\/brinquedos\/jogos-de-cartas\/jogo-de-cartas-inculca-biblico-6-jogos-em-1\/","title":{"rendered":"Jogo De Cartas &#8211; Inculca &#8211; B\u00edblico &#8211; 6 Jogos Em 1"},"content":{"rendered":"<p>Inculca &#8211; Aprenda e memorize vers\u00edculos b\u00edblicos de 6 formas diferentes!<\/p>\n<p>A Palavra de Deus \u00e9 eterna, e isso significa que ela durar\u00e1 para todo o sempre. Ela \u00e9 atemporal, n\u00e3o tem prazo de validade! E somente por meio dela conhecemos o nosso Deus de uma maneira pessoal e nos tornamos verdadeiros disc\u00edpulos de Cristo Jesus. Por isso, desde a \u00e9poca de Mois\u00e9s, Deus ordena ao seu povo que eles tenham Sua palavra no cora\u00e7\u00e3o, e ainda diz: &#8220;tu as inculcar\u00e1s a teus filhos&#8230;&#8221;. E para essa primordial miss\u00e3o \u00e9 que surgiu o jogo &#8220;Inculca&#8221;, que traz 6 maneiras diferentes e incrivelmente divertidas de inculcar a Palavra na sua mente! S\u00e3o elas:<\/p>\n<p>&#8211; Jogo da Mem\u00f3ria<br \/>\n&#8211; Compra compra<br \/>\n&#8211; Copo d`\u00e1gua<br \/>\n&#8211; Tapa Certo<br \/>\n&#8211; Desembainhar a espada<br \/>\n&#8211; Complete<\/p>\n<p>Criado pelo movimento que deu nome ao jogo, e de autoria de Camila Rios, &#8220;Inculca&#8221; \u00e9 composto por 52 pares de cartas + carta Golias, acompanhadas de um &#8220;Manual de Instru\u00e7\u00f5es&#8221;. A defini\u00e7\u00e3o perfeita de como aprender a B\u00edblia de maneira vers\u00e1til e aut\u00eantica! <\/p>\n","protected":false},"excerpt":{"rendered":"<p>Inculca &#8211; Aprenda e memorize vers\u00edculos b\u00edblicos de 6 formas diferentes! A Palavra de Deus \u00e9 eterna, e isso significa&hellip;<\/p>\n","protected":false},"featured_media":341727,"comment_status":"open","ping_status":"closed","template":"","meta":[],"product_cat":[315,317],"product_tag":[],"_links":{"self":[{"href":"https:\/\/www.livrariarema.com.br\/loja\/wp-json\/wp\/v2\/product\/341728"}],"collection":[{"href":"https:\/\/www.livrariarema.com.br\/loja\/wp-json\/wp\/v2\/product"}],"about":[{"href":"https:\/\/www.livrariarema.com.br\/loja\/wp-json\/wp\/v2\/types\/product"}],"replies":[{"embeddable":true,"href":"https:\/\/www.livrariarema.com.br\/loja\/wp-json\/wp\/v2\/comments?post=341728"}],"wp:featuredmedia":[{"embeddable":true,"href":"https:\/\/www.livrariarema.com.br\/loja\/wp-json\/wp\/v2\/media\/341727"}],"wp:attachment":[{"href":"https:\/\/www.livrariarema.com.br\/loja\/wp-json\/wp\/v2\/media?parent=341728"}],"wp:term":[{"taxonomy":"product_cat","embeddable":true,"href":"https:\/\/www.livrariarema.com.br\/loja\/wp-json\/wp\/v2\/product_cat?post=341728"},{"taxonomy":"product_tag","embeddable":true,"href":"https:\/\/www.livrariarema.com.br\/loja\/wp-json\/wp\/v2\/product_tag?post=341728"}],"curies":[{"name":"wp","href":"https:\/\/api.w.org\/{rel}","templated":true}]}}