{"id":341730,"date":"2025-12-02T10:21:36","date_gmt":"2025-12-02T13:21:36","guid":{"rendered":"https:\/\/www.livrariarema.com.br\/loja\/produtos\/sem categoria\/jogo-de-cartas-septeto-smilinguido\/"},"modified":"2026-02-07T12:50:33","modified_gmt":"2026-02-07T15:50:33","slug":"jogo-de-cartas-septeto-smilinguido","status":"publish","type":"product","link":"https:\/\/www.livrariarema.com.br\/loja\/produtos\/brinquedos\/jogos-de-cartas\/jogo-de-cartas-septeto-smilinguido\/","title":{"rendered":"Jogo De Cartas &#8211; Septeto &#8211; Smilinguido"},"content":{"rendered":"<p>Septeto Smiling\u00fcido &#8211; Seja o mais r\u00e1pido e descarte todas as 7 cartas para vencer o jogo!<\/p>\n<p>Venha brincar e se divertir com o Septeto! Um jogo contagiante do querido Smiling\u00fcido e sua turminha que nos convidam a embarcar em uma aventura de agilidade e emo\u00e7\u00e3o. A palara Septeto vem de &#8220;septa&#8221;, que significa sete, por isso cada jogador inicia com 7 cartas nas m\u00e3os, vencendo a rodada quem for o mais r\u00e1pido em descartar todas as cartas primeiro. Mas, como toda boa aventura&#8230; o baralho vem com uma carta especial, e quem a tiver pode mudar o rumo da rodada escolhendo o pr\u00f3ximo n\u00famero a ser jogado. O Septeto Smiling\u00fcido \u00e9 o jogo crist\u00e3o perfeito para voc\u00ea e seus amigos se desafiarem em rodadas emocionantes e com muita divers\u00e3o!<\/p>\n<p>O jogo vem com 64 cartas + livreto &#8220;Vers\u00edculos para aprender&#8221; para voc\u00ea brincar enquanto aprende mais da Palavra de Deus!<\/p>\n","protected":false},"excerpt":{"rendered":"<p>Septeto Smiling\u00fcido &#8211; Seja o mais r\u00e1pido e descarte todas as 7 cartas para vencer o jogo! Venha brincar e&hellip;<\/p>\n","protected":false},"featured_media":341729,"comment_status":"open","ping_status":"closed","template":"","meta":[],"product_cat":[315,317],"product_tag":[],"_links":{"self":[{"href":"https:\/\/www.livrariarema.com.br\/loja\/wp-json\/wp\/v2\/product\/341730"}],"collection":[{"href":"https:\/\/www.livrariarema.com.br\/loja\/wp-json\/wp\/v2\/product"}],"about":[{"href":"https:\/\/www.livrariarema.com.br\/loja\/wp-json\/wp\/v2\/types\/product"}],"replies":[{"embeddable":true,"href":"https:\/\/www.livrariarema.com.br\/loja\/wp-json\/wp\/v2\/comments?post=341730"}],"wp:featuredmedia":[{"embeddable":true,"href":"https:\/\/www.livrariarema.com.br\/loja\/wp-json\/wp\/v2\/media\/341729"}],"wp:attachment":[{"href":"https:\/\/www.livrariarema.com.br\/loja\/wp-json\/wp\/v2\/media?parent=341730"}],"wp:term":[{"taxonomy":"product_cat","embeddable":true,"href":"https:\/\/www.livrariarema.com.br\/loja\/wp-json\/wp\/v2\/product_cat?post=341730"},{"taxonomy":"product_tag","embeddable":true,"href":"https:\/\/www.livrariarema.com.br\/loja\/wp-json\/wp\/v2\/product_tag?post=341730"}],"curies":[{"name":"wp","href":"https:\/\/api.w.org\/{rel}","templated":true}]}}