{"id":341732,"date":"2025-12-02T10:21:41","date_gmt":"2025-12-02T13:21:41","guid":{"rendered":"https:\/\/www.livrariarema.com.br\/loja\/produtos\/sem categoria\/jogo-de-cartas-septeto-desbravadores-dbv\/"},"modified":"2026-04-24T15:00:25","modified_gmt":"2026-04-24T18:00:25","slug":"jogo-de-cartas-septeto-desbravadores-dbv","status":"publish","type":"product","link":"https:\/\/www.livrariarema.com.br\/loja\/produtos\/brinquedos\/jogos-de-cartas\/jogo-de-cartas-septeto-desbravadores-dbv\/","title":{"rendered":"Jogo De Cartas &#8211; Septeto Desbravadores &#8211; Dbv"},"content":{"rendered":"<p>Septeto Desbravadores &#8211; O jogo &#8220;perfeito&#8221; para jogar com a fam\u00edlia e os amigos!<\/p>\n<p> A turminha dos Desbravadores te convida a brincar e se divertir com o &#8220;Septeto DBV&#8221;. A palavra Septeto vem de &#8220;septa&#8221;, que significa sete, n\u00famero que simboliza a plenitude e perfei\u00e7\u00e3o na B\u00edblia. Inspirado nisso, esse Septeto \u00e9 o jogo &#8220;perfeito para jogar com a fam\u00edlia e os amigos! Cada jogador inicia com 7 cartas nas m\u00e3os, vencendo a rodada quem for o mais r\u00e1pido em descartar todas as cartas primeiro. Mas n\u00e3o \u00e9 t\u00e3o simples assim&#8230; pois as cartas especiais podem mudar toda a rodada, e por isso, \u00e9 importante voc\u00ea us\u00e1-las com sabedoria caso elas estejam em suas m\u00e3os.<\/p>\n<p>O jogo vem com 64 cartas + livreto &#8220;Vers\u00edculos para aprender&#8221; para voc\u00ea brincar enquanto aprende mais da Palavra de Deus!<\/p>\n","protected":false},"excerpt":{"rendered":"<p>Septeto Desbravadores &#8211; O jogo &#8220;perfeito&#8221; para jogar com a fam\u00edlia e os amigos! A turminha dos Desbravadores te convida&hellip;<\/p>\n","protected":false},"featured_media":341731,"comment_status":"open","ping_status":"closed","template":"","meta":[],"product_cat":[315,317],"product_tag":[],"_links":{"self":[{"href":"https:\/\/www.livrariarema.com.br\/loja\/wp-json\/wp\/v2\/product\/341732"}],"collection":[{"href":"https:\/\/www.livrariarema.com.br\/loja\/wp-json\/wp\/v2\/product"}],"about":[{"href":"https:\/\/www.livrariarema.com.br\/loja\/wp-json\/wp\/v2\/types\/product"}],"replies":[{"embeddable":true,"href":"https:\/\/www.livrariarema.com.br\/loja\/wp-json\/wp\/v2\/comments?post=341732"}],"wp:featuredmedia":[{"embeddable":true,"href":"https:\/\/www.livrariarema.com.br\/loja\/wp-json\/wp\/v2\/media\/341731"}],"wp:attachment":[{"href":"https:\/\/www.livrariarema.com.br\/loja\/wp-json\/wp\/v2\/media?parent=341732"}],"wp:term":[{"taxonomy":"product_cat","embeddable":true,"href":"https:\/\/www.livrariarema.com.br\/loja\/wp-json\/wp\/v2\/product_cat?post=341732"},{"taxonomy":"product_tag","embeddable":true,"href":"https:\/\/www.livrariarema.com.br\/loja\/wp-json\/wp\/v2\/product_tag?post=341732"}],"curies":[{"name":"wp","href":"https:\/\/api.w.org\/{rel}","templated":true}]}}