{"id":341734,"date":"2025-12-02T10:21:48","date_gmt":"2025-12-02T13:21:48","guid":{"rendered":"https:\/\/www.livrariarema.com.br\/loja\/produtos\/sem categoria\/jogo-de-cartas-faith-battle-genesis-jogo-de-cartas-colecionaveis\/"},"modified":"2026-02-26T12:11:13","modified_gmt":"2026-02-26T15:11:13","slug":"jogo-de-cartas-faith-battle-genesis-jogo-de-cartas-colecionaveis","status":"publish","type":"product","link":"https:\/\/www.livrariarema.com.br\/loja\/produtos\/brinquedos\/jogos-para-familia\/jogo-de-cartas-faith-battle-genesis-jogo-de-cartas-colecionaveis\/","title":{"rendered":"Jogo De Cartas &#8211; Faith Battle &#8211; G\u00eanesis &#8211; Jogo De Cartas Colecion\u00e1veis"},"content":{"rendered":"<p>Faith Battle G\u00eanesis \u00e9 uma expans\u00e3o do Faith Battle, primeiro jogo de cartas colecion\u00e1veis b\u00edblico no mundo. Seu objetivo \u00e9 simples: o jogador precisa sobreviver a uma batalha contra seus oponentes, usando a melhor estrat\u00e9gia com pontos de sabedoria acumulados e as cartas em sua m\u00e3o.<\/p>\n<p>As cartas mostram de personagens \u00e0 situa\u00e7\u00f5es b\u00edblicas, divididas em seis categorias: Her\u00f3is, Artefatos, Milagres, Pecados, Lend\u00e1rias e Cartas de Sabedoria. Cada categoria tem seus efeitos e habilidades \u00fanicas, que personalizam a estrat\u00e9gia das jogadas.<\/p>\n<p>Nesta incr\u00edvel expans\u00e3o do card game b\u00edblico, voc\u00ea poder\u00e1 jogar com mais her\u00f3is lend\u00e1rios e usar artefatos exclusivos baseados no livro de G\u00eanesis!<\/p>\n<p>Faith Battle \u00e9 composto por um deck individual com 53 cartas, cinco dados e um campo de jogo. Importante: ainda que cada partida possa comportar at\u00e9 oito jogadores, cada um deles deve possuir seu pr\u00f3prio jogo. Para deixar a batalha ainda mais emocionante, os jogadores podem colecionar decks do Faith Battle: quanto mais cartas cada jogador tiver individualmente, maiores as possibilidades da partida!<\/p>\n<p>Din\u00e2mico e vers\u00e1til, Faith Battle pode ser jogado de cinco maneiras diferentes: 1&#215;1, 1&#215;1 Extreme, Multijogador, Cooperativo e Bible Challenger &#8211; op\u00e7\u00e3o alternativa de jogo, focada em aprendizado e r\u00e1pido manuseio b\u00edblico. Uma excelente op\u00e7\u00e3o a l\u00edderes e\/ou professores de B\u00edblia, para aplicar seus ensinamentos de forma din\u00e2mica e com muito entretenimento.<\/p>\n<p>Sucesso de vendas em todo o mundo, os JCC &#8211; Jogos de Cartas Colecion\u00e1veis (tamb\u00e9m conhecidos como &#8220;TCG&#8221; &#8211; &#8220;trading card games&#8221; ou &#8220;CCG&#8221; &#8211; collectible card games) s\u00e3o jogos de cartas nos quais os participantes criam baralhos personalizados combinando as cartas que possuem com os seus objetivos para a partida. Faith Battle \u00e9 uma alternativa completa e biblicamente inspirada para momentos de entretenimento saud\u00e1veis e muito divertidos!<\/p>\n<p>Cada caixa individual de Faith Battle possui:<\/p>\n<p>40 Cartas B\u00e1sicas<br \/>\n10 Cartas de Sabedoria<br \/>\n3 Cartas Lend\u00e1rias<br \/>\n5 Dados<br \/>\n5 Tokens<br \/>\n1 Campo de Jogo<\/p>\n","protected":false},"excerpt":{"rendered":"<p>Faith Battle G\u00eanesis \u00e9 uma expans\u00e3o do Faith Battle, primeiro jogo de cartas colecion\u00e1veis b\u00edblico no mundo. Seu objetivo \u00e9&hellip;<\/p>\n","protected":false},"featured_media":341733,"comment_status":"open","ping_status":"closed","template":"","meta":[],"product_cat":[315,316],"product_tag":[],"_links":{"self":[{"href":"https:\/\/www.livrariarema.com.br\/loja\/wp-json\/wp\/v2\/product\/341734"}],"collection":[{"href":"https:\/\/www.livrariarema.com.br\/loja\/wp-json\/wp\/v2\/product"}],"about":[{"href":"https:\/\/www.livrariarema.com.br\/loja\/wp-json\/wp\/v2\/types\/product"}],"replies":[{"embeddable":true,"href":"https:\/\/www.livrariarema.com.br\/loja\/wp-json\/wp\/v2\/comments?post=341734"}],"wp:featuredmedia":[{"embeddable":true,"href":"https:\/\/www.livrariarema.com.br\/loja\/wp-json\/wp\/v2\/media\/341733"}],"wp:attachment":[{"href":"https:\/\/www.livrariarema.com.br\/loja\/wp-json\/wp\/v2\/media?parent=341734"}],"wp:term":[{"taxonomy":"product_cat","embeddable":true,"href":"https:\/\/www.livrariarema.com.br\/loja\/wp-json\/wp\/v2\/product_cat?post=341734"},{"taxonomy":"product_tag","embeddable":true,"href":"https:\/\/www.livrariarema.com.br\/loja\/wp-json\/wp\/v2\/product_tag?post=341734"}],"curies":[{"name":"wp","href":"https:\/\/api.w.org\/{rel}","templated":true}]}}