{"id":341736,"date":"2025-12-02T10:21:56","date_gmt":"2025-12-02T13:21:56","guid":{"rendered":"https:\/\/www.livrariarema.com.br\/loja\/produtos\/sem categoria\/cinco-solas-para-criancas-livro-infantil-ilustrado-reforma-protestante\/"},"modified":"2026-03-20T16:42:37","modified_gmt":"2026-03-20T19:42:37","slug":"cinco-solas-para-criancas-livro-infantil-ilustrado-reforma-protestante","status":"publish","type":"product","link":"https:\/\/www.livrariarema.com.br\/loja\/produtos\/livros\/infantil\/cinco-solas-para-criancas-livro-infantil-ilustrado-reforma-protestante\/","title":{"rendered":"Cinco Solas Para Criancas &#8211; Livro Infantil Ilustrado &#8211; Reforma Protestante"},"content":{"rendered":"<p>inco Solas para Crian\u00e7as &#8211; Sola Scriptura, Sola Fide, Sola Gratia, Solus Christus, Soli Deo Gloria <\/p>\n<p>Por meio deste livro, a autora Cristina Marques apresenta aos pequenos os princ\u00edpios b\u00e1sicos da Reforma Protestante, um evento important\u00edssimo da Hist\u00f3ria da Igreja que impactou a maneira como lidamos com a nossa f\u00e9 nos dias de hoje. A autora mostra a import\u00e2ncia dos cinco principais solas de maneira did\u00e1tica e l\u00fadica, oferecendo aos pais uma excelente ferramenta para dar \u00e0s crian\u00e7as uma melhor compreens\u00e3o dos fundamentos do cristianismo. Cheio de ilustra\u00e7\u00f5es marcantes e vivas, as p\u00e1ginas desse livro v\u00e3o encorajar a fam\u00edlia toda na jornada de conhecer a hist\u00f3ria do evento mais relevante cristianismo moderno.<\/p>\n","protected":false},"excerpt":{"rendered":"<p>inco Solas para Crian\u00e7as &#8211; Sola Scriptura, Sola Fide, Sola Gratia, Solus Christus, Soli Deo Gloria Por meio deste livro,&hellip;<\/p>\n","protected":false},"featured_media":341735,"comment_status":"open","ping_status":"closed","template":"","meta":[],"product_cat":[144,134],"product_tag":[],"_links":{"self":[{"href":"https:\/\/www.livrariarema.com.br\/loja\/wp-json\/wp\/v2\/product\/341736"}],"collection":[{"href":"https:\/\/www.livrariarema.com.br\/loja\/wp-json\/wp\/v2\/product"}],"about":[{"href":"https:\/\/www.livrariarema.com.br\/loja\/wp-json\/wp\/v2\/types\/product"}],"replies":[{"embeddable":true,"href":"https:\/\/www.livrariarema.com.br\/loja\/wp-json\/wp\/v2\/comments?post=341736"}],"wp:featuredmedia":[{"embeddable":true,"href":"https:\/\/www.livrariarema.com.br\/loja\/wp-json\/wp\/v2\/media\/341735"}],"wp:attachment":[{"href":"https:\/\/www.livrariarema.com.br\/loja\/wp-json\/wp\/v2\/media?parent=341736"}],"wp:term":[{"taxonomy":"product_cat","embeddable":true,"href":"https:\/\/www.livrariarema.com.br\/loja\/wp-json\/wp\/v2\/product_cat?post=341736"},{"taxonomy":"product_tag","embeddable":true,"href":"https:\/\/www.livrariarema.com.br\/loja\/wp-json\/wp\/v2\/product_tag?post=341736"}],"curies":[{"name":"wp","href":"https:\/\/api.w.org\/{rel}","templated":true}]}}