{"id":341759,"date":"2025-12-02T10:25:30","date_gmt":"2025-12-02T13:25:30","guid":{"rendered":"https:\/\/www.livrariarema.com.br\/loja\/produtos\/sem categoria\/devocional-gamer-o-mundo-de-otavio\/"},"modified":"2026-03-28T11:00:36","modified_gmt":"2026-03-28T14:00:36","slug":"devocional-gamer-o-mundo-de-otavio","status":"publish","type":"product","link":"https:\/\/www.livrariarema.com.br\/loja\/produtos\/livros\/infantil\/devocional-gamer-o-mundo-de-otavio\/","title":{"rendered":"Devocional Gamer &#8211; O Mundo De Ot\u00e1vio"},"content":{"rendered":"<p>Aperte o Play para Este Devocional Incr\u00edvel com Li\u00e7\u00f5es B\u00edblicas Dentro do Universo dos Games!<\/p>\n<p>Transforme o tempo de tela em uma jornada de f\u00e9 com o Devocional Gamer OMUNDODEOT\u00c1VIO! Imagine aprender valiosas li\u00e7\u00f5es b\u00edblicas enquanto se diverte jogando seus games favoritos. Esse devocional n\u00e3o \u00e9 apenas sobre jogos, \u00e9 sobre crescer espiritualmente de uma maneira que voc\u00ea adora.<\/p>\n<p>Por Que Escolher Este Devocional?<\/p>\n<p>Interativo e Divertido: Cada devocional \u00e9 uma aventura que combina a emo\u00e7\u00e3o dos games com ensinamentos b\u00edblicos.<\/p>\n<p>QR Codes Exclusivos: Aprofunde-se no tema com v\u00eddeos interativos que tornam o aprendizado ainda mais envolvente.<\/p>\n<p>Organiza\u00e7\u00e3o do Tempo: Aprenda a gerenciar seu tempo de tela com princ\u00edpios b\u00edblicos de Eclesiastes 3, garantindo equil\u00edbrio e divers\u00e3o.<\/p>\n<p>F\u00e1cil Acesso: Dispon\u00edvel para crian\u00e7as de 6 a 12 anos, \u00e9 perfeito para quem ama games e quer fortalecer a f\u00e9 de maneira divertida e significativa.<\/p>\n<p>O Que Voc\u00ea Vai Encontrar?<\/p>\n<p>Hist\u00f3rias B\u00edblicas Relevantes: Cada cap\u00edtulo conecta passagens b\u00edblicas com situa\u00e7\u00f5es do universo dos games, facilitando o entendimento e a aplica\u00e7\u00e3o das li\u00e7\u00f5es na vida real.<\/p>\n<p>Atividades Pr\u00e1ticas: Dicas e atividades que ajudam a aplicar os ensinamentos b\u00edblicos no dia a dia, como criar um planner de rotina com ajuda dos pais.<\/p>\n<p>Engajamento Familiar: Incentive toda a fam\u00edlia a participar, tornando o aprendizado uma experi\u00eancia compartilhada.<\/p>\n<p>N\u00e3o Perca Tempo!<\/p>\n<p>Aperte o play e embarque nessa jornada incr\u00edvel! Com o Devocional Gamer OMUNDODEOT\u00c1VIO, voc\u00ea aprende, se diverte e se aproxima mais de Deus. Transforme cada momento de jogo em uma oportunidade de crescimento espiritual. N\u00e3o espere mais, comece hoje mesmo e veja como \u00e9 poss\u00edvel unir divers\u00e3o e f\u00e9 de forma poderosa!<\/p>\n<p>Adquira agora e veja como jogar e aprender sobre a B\u00edblia podem ser a combina\u00e7\u00e3o perfeita!<\/p>\n","protected":false},"excerpt":{"rendered":"<p>Aperte o Play para Este Devocional Incr\u00edvel com Li\u00e7\u00f5es B\u00edblicas Dentro do Universo dos Games! Transforme o tempo de tela&hellip;<\/p>\n","protected":false},"featured_media":341758,"comment_status":"open","ping_status":"closed","template":"","meta":[],"product_cat":[144,134],"product_tag":[],"_links":{"self":[{"href":"https:\/\/www.livrariarema.com.br\/loja\/wp-json\/wp\/v2\/product\/341759"}],"collection":[{"href":"https:\/\/www.livrariarema.com.br\/loja\/wp-json\/wp\/v2\/product"}],"about":[{"href":"https:\/\/www.livrariarema.com.br\/loja\/wp-json\/wp\/v2\/types\/product"}],"replies":[{"embeddable":true,"href":"https:\/\/www.livrariarema.com.br\/loja\/wp-json\/wp\/v2\/comments?post=341759"}],"wp:featuredmedia":[{"embeddable":true,"href":"https:\/\/www.livrariarema.com.br\/loja\/wp-json\/wp\/v2\/media\/341758"}],"wp:attachment":[{"href":"https:\/\/www.livrariarema.com.br\/loja\/wp-json\/wp\/v2\/media?parent=341759"}],"wp:term":[{"taxonomy":"product_cat","embeddable":true,"href":"https:\/\/www.livrariarema.com.br\/loja\/wp-json\/wp\/v2\/product_cat?post=341759"},{"taxonomy":"product_tag","embeddable":true,"href":"https:\/\/www.livrariarema.com.br\/loja\/wp-json\/wp\/v2\/product_tag?post=341759"}],"curies":[{"name":"wp","href":"https:\/\/api.w.org\/{rel}","templated":true}]}}