{"id":341761,"date":"2025-12-02T10:25:37","date_gmt":"2025-12-02T13:25:37","guid":{"rendered":"https:\/\/www.livrariarema.com.br\/loja\/produtos\/sem categoria\/jogo-de-cartas-conte-e-cante-jogo-de-cartas-livreto\/"},"modified":"2026-04-17T18:20:35","modified_gmt":"2026-04-17T21:20:35","slug":"jogo-de-cartas-conte-e-cante-jogo-de-cartas-livreto","status":"publish","type":"product","link":"https:\/\/www.livrariarema.com.br\/loja\/produtos\/brinquedos\/jogos-de-cartas\/jogo-de-cartas-conte-e-cante-jogo-de-cartas-livreto\/","title":{"rendered":"Jogo De Cartas &#8211; Conte E Cante &#8211; Jogo De Cartas + Livreto"},"content":{"rendered":"<p>Conte e Cante &#8211; Conte uma hist\u00f3ria b\u00edblica ou cante uma can\u00e7\u00e3o! <\/p>\n<p>Voc\u00ea \u00e9 bom de B\u00edblia!? Ou talvez&#8230; sabe muito sobre as letras dos louvores? O jogo Conte e Cante vai agu\u00e7ar o seu conhecimento sobre as hist\u00f3rias b\u00edblicas e te fazer cantar bem alto com os temas de cada rodada! Logo de in\u00edcio \u00e9 definido um tema, e cada jogador come\u00e7a com 7 cartas ITEM nas m\u00e3os, o desafio \u00e9 contar uma hist\u00f3ria b\u00edblica relacionada com o tema da vez usando os \u00edcones dados por essas cartas. E caso n\u00e3o consiga cont\u00e1-la, o jogador pode optar por cantar uma m\u00fasica com a palavra do respectivo tema. Ganha o jogo quem descartar todas as cartas ITEM primeiro, usando-as para contar alguma hist\u00f3ria das Escritura ou cantando uma can\u00e7\u00e3o. Divertido e interativo, &#8220;Conte e Cante&#8221; \u00e9 perfeito para jogar com os amigos!<\/p>\n<p>O jogo contempla 100 cartas; sendo 20 cartas TEMA, 70 cartas ITEM e 10 cartas A\u00c7\u00c3O; e vem acompanhado do livreto &#8220;Vers\u00edculos para Aprender&#8221;, estimulando a memoriza\u00e7\u00e3o de vers\u00edculos sobre louvor e adora\u00e7\u00e3o. Um tema de grande import\u00e2ncia na vida crist\u00e3!<\/p>\n","protected":false},"excerpt":{"rendered":"<p>Conte e Cante &#8211; Conte uma hist\u00f3ria b\u00edblica ou cante uma can\u00e7\u00e3o! Voc\u00ea \u00e9 bom de B\u00edblia!? Ou talvez&#8230; sabe&hellip;<\/p>\n","protected":false},"featured_media":341760,"comment_status":"open","ping_status":"closed","template":"","meta":[],"product_cat":[315,317],"product_tag":[],"_links":{"self":[{"href":"https:\/\/www.livrariarema.com.br\/loja\/wp-json\/wp\/v2\/product\/341761"}],"collection":[{"href":"https:\/\/www.livrariarema.com.br\/loja\/wp-json\/wp\/v2\/product"}],"about":[{"href":"https:\/\/www.livrariarema.com.br\/loja\/wp-json\/wp\/v2\/types\/product"}],"replies":[{"embeddable":true,"href":"https:\/\/www.livrariarema.com.br\/loja\/wp-json\/wp\/v2\/comments?post=341761"}],"wp:featuredmedia":[{"embeddable":true,"href":"https:\/\/www.livrariarema.com.br\/loja\/wp-json\/wp\/v2\/media\/341760"}],"wp:attachment":[{"href":"https:\/\/www.livrariarema.com.br\/loja\/wp-json\/wp\/v2\/media?parent=341761"}],"wp:term":[{"taxonomy":"product_cat","embeddable":true,"href":"https:\/\/www.livrariarema.com.br\/loja\/wp-json\/wp\/v2\/product_cat?post=341761"},{"taxonomy":"product_tag","embeddable":true,"href":"https:\/\/www.livrariarema.com.br\/loja\/wp-json\/wp\/v2\/product_tag?post=341761"}],"curies":[{"name":"wp","href":"https:\/\/api.w.org\/{rel}","templated":true}]}}