{"id":341763,"date":"2025-12-02T10:25:43","date_gmt":"2025-12-02T13:25:43","guid":{"rendered":"https:\/\/www.livrariarema.com.br\/loja\/produtos\/sem categoria\/jogo-de-cartas-fe-radical\/"},"modified":"2026-04-22T12:41:24","modified_gmt":"2026-04-22T15:41:24","slug":"jogo-de-cartas-fe-radical","status":"publish","type":"product","link":"https:\/\/www.livrariarema.com.br\/loja\/produtos\/brinquedos\/jogos-de-cartas\/jogo-de-cartas-fe-radical\/","title":{"rendered":"Jogo De Cartas &#8211; F\u00e9 Radical"},"content":{"rendered":"<p>F\u00e9 Radical &#8211; uma f\u00e9 maior que as persegui\u00e7\u00f5es!<\/p>\n<p>Por causa da sua f\u00e9 muitos crist\u00e3os s\u00e3o ferozmente perseguidos ao redor do mundo inteiro. S\u00e3o levados para longe de suas fam\u00edlias, presos, torturados e reprimidos por confessarem publicamente que Jesus \u00e9 o \u00fanico Salvador. O jogo &#8220;F\u00e9 Radical&#8221; nos faz conhecer a realidade da Igreja Perseguida por meio de cartas que apresentam dados da popula\u00e7\u00e3o, e do \u00edndice de persegui\u00e7\u00e3o \u00e0 popula\u00e7\u00e3o crist\u00e3 em diversos pa\u00edses. Mostrando a posi\u00e7\u00e3o em que se encontram no ranking mundial de persegui\u00e7\u00e3o, e a viol\u00eancia que sofrem todos os dias. Um jogo que nos instiga tamb\u00e9m a ajudar nossos irm\u00e3os de alguma forma, seja ofertando ou orando por eles!<\/p>\n<p> Criado pelo projeto mission\u00e1rio &#8220;A Mesa e o Trono&#8221;, que nasceu em 2019 com o objetivo de resgatar o valor de estarmos \u00e0 mesa com as pessoas para compartilharmos o que temos de mais precioso: o Evangelho. O jogo possui 78 cartas + livreto &#8220;O pre\u00e7o de ter uma f\u00e9 radical no mundo atual&#8221;, que aborda com mais detalhes sobre a realidade da persegui\u00e7\u00e3o dos crist\u00e3os de v\u00e1rias na\u00e7\u00f5es. Venha se emocionar e ser incentivado a contribuir nessa miss\u00e3o!<\/p>\n","protected":false},"excerpt":{"rendered":"<p>F\u00e9 Radical &#8211; uma f\u00e9 maior que as persegui\u00e7\u00f5es! Por causa da sua f\u00e9 muitos crist\u00e3os s\u00e3o ferozmente perseguidos ao&hellip;<\/p>\n","protected":false},"featured_media":341762,"comment_status":"open","ping_status":"closed","template":"","meta":[],"product_cat":[315,317],"product_tag":[],"_links":{"self":[{"href":"https:\/\/www.livrariarema.com.br\/loja\/wp-json\/wp\/v2\/product\/341763"}],"collection":[{"href":"https:\/\/www.livrariarema.com.br\/loja\/wp-json\/wp\/v2\/product"}],"about":[{"href":"https:\/\/www.livrariarema.com.br\/loja\/wp-json\/wp\/v2\/types\/product"}],"replies":[{"embeddable":true,"href":"https:\/\/www.livrariarema.com.br\/loja\/wp-json\/wp\/v2\/comments?post=341763"}],"wp:featuredmedia":[{"embeddable":true,"href":"https:\/\/www.livrariarema.com.br\/loja\/wp-json\/wp\/v2\/media\/341762"}],"wp:attachment":[{"href":"https:\/\/www.livrariarema.com.br\/loja\/wp-json\/wp\/v2\/media?parent=341763"}],"wp:term":[{"taxonomy":"product_cat","embeddable":true,"href":"https:\/\/www.livrariarema.com.br\/loja\/wp-json\/wp\/v2\/product_cat?post=341763"},{"taxonomy":"product_tag","embeddable":true,"href":"https:\/\/www.livrariarema.com.br\/loja\/wp-json\/wp\/v2\/product_tag?post=341763"}],"curies":[{"name":"wp","href":"https:\/\/api.w.org\/{rel}","templated":true}]}}