{"id":341784,"date":"2025-12-02T10:30:55","date_gmt":"2025-12-02T13:30:55","guid":{"rendered":"https:\/\/www.livrariarema.com.br\/loja\/produtos\/sem categoria\/uniao-com-o-cristo-ressurreto-g-k-beale\/"},"modified":"2026-02-20T13:41:39","modified_gmt":"2026-02-20T16:41:39","slug":"uniao-com-o-cristo-ressurreto-g-k-beale","status":"publish","type":"product","link":"https:\/\/www.livrariarema.com.br\/loja\/produtos\/livros\/escatologia\/uniao-com-o-cristo-ressurreto-g-k-beale\/","title":{"rendered":"Uni\u00e3o Com O Cristo Ressurreto &#8211; G. K. Beale"},"content":{"rendered":"<p>Os benef\u00edcios da uni\u00e3o do crente com o Cristo ressuscitado<\/p>\n<p>A uni\u00e3o com Cristo \u00e9 um conceito teol\u00f3gico e pr\u00e1tico que nos \u00faltimos anos tem recebido aten\u00e7\u00e3o significativa. N\u00e3o obstante, pouca aten\u00e7\u00e3o \u00e9 dada \u00e0 uni\u00e3o do crente com Cristo e aos seus benef\u00edcios \u00e0 luz da ressurrei\u00e7\u00e3o e da ascens\u00e3o de Jesus.<\/p>\n<p>Nesta obra, o autor defende que a ressurrei\u00e7\u00e3o e a ascens\u00e3o de Cristo o colocam como in\u00edcio da consuma\u00e7\u00e3o escatol\u00f3gica do reino da nova cria\u00e7\u00e3o: Cristo \u00e9 o cumprimento de um grupo de dezenove expectativas do fim dos tempos no Antigo Testamento, de modo que as realidades escatol\u00f3gicas relevantes e os seus benef\u00edcios atribu\u00eddos a Cristo est\u00e3o impressos nos crist\u00e3os por meio da uni\u00e3o din\u00e2mica e da identifica\u00e7\u00e3o com ele.<\/p>\n<p>Uni\u00e3o com o Cristo ressurreto \u00e9 fruto de uma exegese cuidadosa e com aplica\u00e7\u00f5es pr\u00e1ticas para a vida crist\u00e3. Professores, pastores e estudantes do Novo Testamento ser\u00e3o beneficiados com essa singular teologia b\u00edblica.<\/p>\n","protected":false},"excerpt":{"rendered":"<p>Os benef\u00edcios da uni\u00e3o do crente com o Cristo ressuscitado A uni\u00e3o com Cristo \u00e9 um conceito teol\u00f3gico e pr\u00e1tico&hellip;<\/p>\n","protected":false},"featured_media":345109,"comment_status":"open","ping_status":"closed","template":"","meta":[],"product_cat":[208,134],"product_tag":[],"_links":{"self":[{"href":"https:\/\/www.livrariarema.com.br\/loja\/wp-json\/wp\/v2\/product\/341784"}],"collection":[{"href":"https:\/\/www.livrariarema.com.br\/loja\/wp-json\/wp\/v2\/product"}],"about":[{"href":"https:\/\/www.livrariarema.com.br\/loja\/wp-json\/wp\/v2\/types\/product"}],"replies":[{"embeddable":true,"href":"https:\/\/www.livrariarema.com.br\/loja\/wp-json\/wp\/v2\/comments?post=341784"}],"wp:featuredmedia":[{"embeddable":true,"href":"https:\/\/www.livrariarema.com.br\/loja\/wp-json\/wp\/v2\/media\/345109"}],"wp:attachment":[{"href":"https:\/\/www.livrariarema.com.br\/loja\/wp-json\/wp\/v2\/media?parent=341784"}],"wp:term":[{"taxonomy":"product_cat","embeddable":true,"href":"https:\/\/www.livrariarema.com.br\/loja\/wp-json\/wp\/v2\/product_cat?post=341784"},{"taxonomy":"product_tag","embeddable":true,"href":"https:\/\/www.livrariarema.com.br\/loja\/wp-json\/wp\/v2\/product_tag?post=341784"}],"curies":[{"name":"wp","href":"https:\/\/api.w.org\/{rel}","templated":true}]}}