{"id":341792,"date":"2025-12-02T10:31:40","date_gmt":"2025-12-02T13:31:40","guid":{"rendered":"https:\/\/www.livrariarema.com.br\/loja\/produtos\/sem categoria\/justica-e-a-bondade-de-deus-a-thomas-r-schreiner\/"},"modified":"2026-03-30T12:32:12","modified_gmt":"2026-03-30T15:32:12","slug":"justica-e-a-bondade-de-deus-a-thomas-r-schreiner","status":"publish","type":"product","link":"https:\/\/www.livrariarema.com.br\/loja\/produtos\/livros\/apologetica\/justica-e-a-bondade-de-deus-a-thomas-r-schreiner\/","title":{"rendered":"Justi\u00e7a E A Bondade De Deus, A &#8211; Thomas R. Schreiner"},"content":{"rendered":"<p>O JU\u00cdZO DEMONSTRA A SANTIDADE E A BONDADE DE DEUS<\/p>\n<p>Em A justi\u00e7a e a bondade de Deus, o renomado te\u00f3logo Thomas Schreiner oferece uma defesa clara e b\u00edblica da doutrina do Ju\u00edzo Final, muitas vezes negligenciada. Com precis\u00e3o e sensibilidade pastoral, ele mostra como o ju\u00edzo eterno n\u00e3o nega, mas confirma a bondade divina &#8211; revelando uma justi\u00e7a que \u00e9, ao mesmo tempo, santa e misericordiosa.<\/p>\n<p>Ao explorar temas como pecado, morte e reden\u00e7\u00e3o \u00e0 luz do Novo Testamento e de toda a Escritura, Schreiner convida o leitor a enxergar o ju\u00edzo como parte essencial do evangelho. Afinal, somente ao reconhecer a gravidade do pecado podemos compreender a profundidade da salva\u00e7\u00e3o.<\/p>\n<p>Conciso, acess\u00edvel e profundamente b\u00edblico, este livro \u00e9 um recurso valioso para estudantes, pastores e todos que desejam entender por que a justi\u00e7a de Deus \u00e9, em \u00faltima an\u00e1lise, uma boa not\u00edcia.<\/p>\n","protected":false},"excerpt":{"rendered":"<p>O JU\u00cdZO DEMONSTRA A SANTIDADE E A BONDADE DE DEUS Em A justi\u00e7a e a bondade de Deus, o renomado&hellip;<\/p>\n","protected":false},"featured_media":346793,"comment_status":"open","ping_status":"closed","template":"","meta":[],"product_cat":[156,134],"product_tag":[],"_links":{"self":[{"href":"https:\/\/www.livrariarema.com.br\/loja\/wp-json\/wp\/v2\/product\/341792"}],"collection":[{"href":"https:\/\/www.livrariarema.com.br\/loja\/wp-json\/wp\/v2\/product"}],"about":[{"href":"https:\/\/www.livrariarema.com.br\/loja\/wp-json\/wp\/v2\/types\/product"}],"replies":[{"embeddable":true,"href":"https:\/\/www.livrariarema.com.br\/loja\/wp-json\/wp\/v2\/comments?post=341792"}],"wp:featuredmedia":[{"embeddable":true,"href":"https:\/\/www.livrariarema.com.br\/loja\/wp-json\/wp\/v2\/media\/346793"}],"wp:attachment":[{"href":"https:\/\/www.livrariarema.com.br\/loja\/wp-json\/wp\/v2\/media?parent=341792"}],"wp:term":[{"taxonomy":"product_cat","embeddable":true,"href":"https:\/\/www.livrariarema.com.br\/loja\/wp-json\/wp\/v2\/product_cat?post=341792"},{"taxonomy":"product_tag","embeddable":true,"href":"https:\/\/www.livrariarema.com.br\/loja\/wp-json\/wp\/v2\/product_tag?post=341792"}],"curies":[{"name":"wp","href":"https:\/\/api.w.org\/{rel}","templated":true}]}}