{"id":341794,"date":"2025-12-02T10:31:45","date_gmt":"2025-12-02T13:31:45","guid":{"rendered":"https:\/\/www.livrariarema.com.br\/loja\/produtos\/sem categoria\/biblia-almeida-seculo-21-brochura-cruz\/"},"modified":"2026-02-20T12:21:03","modified_gmt":"2026-02-20T15:21:03","slug":"biblia-almeida-seculo-21-brochura-cruz","status":"publish","type":"product","link":"https:\/\/www.livrariarema.com.br\/loja\/produtos\/biblias\/almeida-seculo-21\/biblia-almeida-seculo-21-brochura-cruz\/","title":{"rendered":"B\u00edblia Almeida S\u00e9culo 21 &#8211; Brochura &#8211; Cruz"},"content":{"rendered":"<p>Para muitos leitores, pode ser muito dif\u00edcil entender a B\u00edblia, porque ela parece ser de uma \u00e9poca e de um lugar muito distantes. Para que sua mensagem eterna continue relevante nos dias atuais, \u00e9 preciso unir a fidelidade na tradu\u00e7\u00e3o \u00e0 forma de falar do nosso tempo. Esses dois aspectos essenciais est\u00e3o presentes na Almeida S\u00e9culo 21, uma vers\u00e3o do tradicional e amado texto de Jo\u00e3o Ferreira de Almeida, que apresenta assim as caracter\u00edsticas mais procuradas pelos leitores da B\u00edblia no Brasil: tradi\u00e7\u00e3o e exatid\u00e3o, flu\u00eancia e compreens\u00e3o.<\/p>\n","protected":false},"excerpt":{"rendered":"<p>Para muitos leitores, pode ser muito dif\u00edcil entender a B\u00edblia, porque ela parece ser de uma \u00e9poca e de um&hellip;<\/p>\n","protected":false},"featured_media":344899,"comment_status":"open","ping_status":"closed","template":"","meta":[],"product_cat":[190,139],"product_tag":[],"_links":{"self":[{"href":"https:\/\/www.livrariarema.com.br\/loja\/wp-json\/wp\/v2\/product\/341794"}],"collection":[{"href":"https:\/\/www.livrariarema.com.br\/loja\/wp-json\/wp\/v2\/product"}],"about":[{"href":"https:\/\/www.livrariarema.com.br\/loja\/wp-json\/wp\/v2\/types\/product"}],"replies":[{"embeddable":true,"href":"https:\/\/www.livrariarema.com.br\/loja\/wp-json\/wp\/v2\/comments?post=341794"}],"wp:featuredmedia":[{"embeddable":true,"href":"https:\/\/www.livrariarema.com.br\/loja\/wp-json\/wp\/v2\/media\/344899"}],"wp:attachment":[{"href":"https:\/\/www.livrariarema.com.br\/loja\/wp-json\/wp\/v2\/media?parent=341794"}],"wp:term":[{"taxonomy":"product_cat","embeddable":true,"href":"https:\/\/www.livrariarema.com.br\/loja\/wp-json\/wp\/v2\/product_cat?post=341794"},{"taxonomy":"product_tag","embeddable":true,"href":"https:\/\/www.livrariarema.com.br\/loja\/wp-json\/wp\/v2\/product_tag?post=341794"}],"curies":[{"name":"wp","href":"https:\/\/api.w.org\/{rel}","templated":true}]}}