{"id":341812,"date":"2025-12-02T10:45:42","date_gmt":"2025-12-02T13:45:42","guid":{"rendered":"https:\/\/www.livrariarema.com.br\/loja\/produtos\/sem%20categoria\/vela-aromatica-rema-ester-magnolia-gold\/"},"modified":"2025-12-29T10:01:49","modified_gmt":"2025-12-29T13:01:49","slug":"vela-aromatica-rema-ester-magnolia-gold","status":"publish","type":"product","link":"https:\/\/www.livrariarema.com.br\/loja\/produtos\/diversos\/vela\/vela-aromatica-rema-ester-magnolia-gold\/","title":{"rendered":"Vela Arom\u00e1tica &#8211; Rema &#8211; Magn\u00f3lia Gold"},"content":{"rendered":"<p>Aroma: Magn\u00f3lia Gold<\/p>\n","protected":false},"excerpt":{"rendered":"<p>Aroma: Magn\u00f3lia Gold<\/p>\n","protected":false},"featured_media":342641,"comment_status":"open","ping_status":"closed","template":"","meta":[],"product_cat":[132,340],"product_tag":[],"_links":{"self":[{"href":"https:\/\/www.livrariarema.com.br\/loja\/wp-json\/wp\/v2\/product\/341812"}],"collection":[{"href":"https:\/\/www.livrariarema.com.br\/loja\/wp-json\/wp\/v2\/product"}],"about":[{"href":"https:\/\/www.livrariarema.com.br\/loja\/wp-json\/wp\/v2\/types\/product"}],"replies":[{"embeddable":true,"href":"https:\/\/www.livrariarema.com.br\/loja\/wp-json\/wp\/v2\/comments?post=341812"}],"wp:featuredmedia":[{"embeddable":true,"href":"https:\/\/www.livrariarema.com.br\/loja\/wp-json\/wp\/v2\/media\/342641"}],"wp:attachment":[{"href":"https:\/\/www.livrariarema.com.br\/loja\/wp-json\/wp\/v2\/media?parent=341812"}],"wp:term":[{"taxonomy":"product_cat","embeddable":true,"href":"https:\/\/www.livrariarema.com.br\/loja\/wp-json\/wp\/v2\/product_cat?post=341812"},{"taxonomy":"product_tag","embeddable":true,"href":"https:\/\/www.livrariarema.com.br\/loja\/wp-json\/wp\/v2\/product_tag?post=341812"}],"curies":[{"name":"wp","href":"https:\/\/api.w.org\/{rel}","templated":true}]}}