{"id":341814,"date":"2025-12-02T10:45:47","date_gmt":"2025-12-02T13:45:47","guid":{"rendered":"https:\/\/www.livrariarema.com.br\/loja\/produtos\/sem%20categoria\/vela-aromatica-rema-ester-cereja-e-avela\/"},"modified":"2025-12-29T10:01:45","modified_gmt":"2025-12-29T13:01:45","slug":"vela-aromatica-rema-ester-cereja-e-avela","status":"publish","type":"product","link":"https:\/\/www.livrariarema.com.br\/loja\/produtos\/diversos\/vela\/vela-aromatica-rema-ester-cereja-e-avela\/","title":{"rendered":"Vela Arom\u00e1tica &#8211; Rema &#8211; Cereja E Avel\u00e3"},"content":{"rendered":"<p>Aroma:  Cereja e Avel\u00e3<\/p>\n","protected":false},"excerpt":{"rendered":"<p>Aroma: Cereja e Avel\u00e3<\/p>\n","protected":false},"featured_media":342640,"comment_status":"open","ping_status":"closed","template":"","meta":[],"product_cat":[132,340],"product_tag":[],"_links":{"self":[{"href":"https:\/\/www.livrariarema.com.br\/loja\/wp-json\/wp\/v2\/product\/341814"}],"collection":[{"href":"https:\/\/www.livrariarema.com.br\/loja\/wp-json\/wp\/v2\/product"}],"about":[{"href":"https:\/\/www.livrariarema.com.br\/loja\/wp-json\/wp\/v2\/types\/product"}],"replies":[{"embeddable":true,"href":"https:\/\/www.livrariarema.com.br\/loja\/wp-json\/wp\/v2\/comments?post=341814"}],"wp:featuredmedia":[{"embeddable":true,"href":"https:\/\/www.livrariarema.com.br\/loja\/wp-json\/wp\/v2\/media\/342640"}],"wp:attachment":[{"href":"https:\/\/www.livrariarema.com.br\/loja\/wp-json\/wp\/v2\/media?parent=341814"}],"wp:term":[{"taxonomy":"product_cat","embeddable":true,"href":"https:\/\/www.livrariarema.com.br\/loja\/wp-json\/wp\/v2\/product_cat?post=341814"},{"taxonomy":"product_tag","embeddable":true,"href":"https:\/\/www.livrariarema.com.br\/loja\/wp-json\/wp\/v2\/product_tag?post=341814"}],"curies":[{"name":"wp","href":"https:\/\/api.w.org\/{rel}","templated":true}]}}