{"id":341831,"date":"2025-12-02T12:35:57","date_gmt":"2025-12-02T15:35:57","guid":{"rendered":"https:\/\/www.livrariarema.com.br\/loja\/produtos\/sem categoria\/jogo-domino-mdf-adicao\/"},"modified":"2025-12-02T12:36:03","modified_gmt":"2025-12-02T15:36:03","slug":"jogo-domino-mdf-adicao","status":"publish","type":"product","link":"https:\/\/www.livrariarema.com.br\/loja\/produtos\/brinquedos\/domino\/jogo-domino-mdf-adicao\/","title":{"rendered":"Jogo Domin\u00f3 &#8211; Mdf &#8211; Adi\u00e7\u00e3o"},"content":{"rendered":"<p>Estimula o aprendizado de matem\u00e1tica, o c\u00e1lculo mental e o racioc\u00ednio.<\/p>\n<p>Detalhes:<br \/>\n&#8211; Pe\u00e7as: 28.<br \/>\n&#8211; Material: madeira.<br \/>\n&#8211; Faixa et\u00e1ria: +4 Anos.<\/p>\n<p>Informa\u00e7\u00f5es constantes do selo, conforme Portaria Inmetro N\u00ba 333\/2012:<br \/>\nSeguran\u00e7a do brinquedo &#8211; Compuls\u00f3rio &#8211; brics &#8211; OCP 0098<br \/>\nRegistro: CE-BRI\/BRICS 00300-16 \/ NM 300\/2002 &#8211; INMETRO<\/p>\n","protected":false},"excerpt":{"rendered":"<p>Estimula o aprendizado de matem\u00e1tica, o c\u00e1lculo mental e o racioc\u00ednio. Detalhes: &#8211; Pe\u00e7as: 28. &#8211; Material: madeira. &#8211; Faixa&hellip;<\/p>\n","protected":false},"featured_media":341829,"comment_status":"open","ping_status":"closed","template":"","meta":[],"product_cat":[315,318],"product_tag":[],"_links":{"self":[{"href":"https:\/\/www.livrariarema.com.br\/loja\/wp-json\/wp\/v2\/product\/341831"}],"collection":[{"href":"https:\/\/www.livrariarema.com.br\/loja\/wp-json\/wp\/v2\/product"}],"about":[{"href":"https:\/\/www.livrariarema.com.br\/loja\/wp-json\/wp\/v2\/types\/product"}],"replies":[{"embeddable":true,"href":"https:\/\/www.livrariarema.com.br\/loja\/wp-json\/wp\/v2\/comments?post=341831"}],"wp:featuredmedia":[{"embeddable":true,"href":"https:\/\/www.livrariarema.com.br\/loja\/wp-json\/wp\/v2\/media\/341829"}],"wp:attachment":[{"href":"https:\/\/www.livrariarema.com.br\/loja\/wp-json\/wp\/v2\/media?parent=341831"}],"wp:term":[{"taxonomy":"product_cat","embeddable":true,"href":"https:\/\/www.livrariarema.com.br\/loja\/wp-json\/wp\/v2\/product_cat?post=341831"},{"taxonomy":"product_tag","embeddable":true,"href":"https:\/\/www.livrariarema.com.br\/loja\/wp-json\/wp\/v2\/product_tag?post=341831"}],"curies":[{"name":"wp","href":"https:\/\/api.w.org\/{rel}","templated":true}]}}