{"id":341835,"date":"2025-12-02T12:36:49","date_gmt":"2025-12-02T15:36:49","guid":{"rendered":"https:\/\/www.livrariarema.com.br\/loja\/produtos\/sem categoria\/brinquedo-educativo-madeira-conhecendo-as-letras\/"},"modified":"2025-12-22T12:32:45","modified_gmt":"2025-12-22T15:32:45","slug":"brinquedo-educativo-madeira-conhecendo-as-letras","status":"publish","type":"product","link":"https:\/\/www.livrariarema.com.br\/loja\/produtos\/brinquedos\/brinquedos-educativos\/brinquedo-educativo-madeira-conhecendo-as-letras\/","title":{"rendered":"Brinquedo Educativo &#8211; Madeira &#8211; Conhecendo As Letras"},"content":{"rendered":"<p>Desenvolve a aten\u00e7\u00e3o, o aprendizado das letras e a forma\u00e7\u00e3o das palavras.<\/p>\n<p>Detalhes:<br \/>\n&#8211; Pe\u00e7as: 70.<br \/>\n&#8211; Material: madeira.<br \/>\n&#8211; Faixa et\u00e1ria: +5 Anos.<\/p>\n","protected":false},"excerpt":{"rendered":"<p>Desenvolve a aten\u00e7\u00e3o, o aprendizado das letras e a forma\u00e7\u00e3o das palavras. Detalhes: &#8211; Pe\u00e7as: 70. &#8211; Material: madeira. &#8211;&hellip;<\/p>\n","protected":false},"featured_media":341834,"comment_status":"open","ping_status":"closed","template":"","meta":[],"product_cat":[315,319],"product_tag":[],"_links":{"self":[{"href":"https:\/\/www.livrariarema.com.br\/loja\/wp-json\/wp\/v2\/product\/341835"}],"collection":[{"href":"https:\/\/www.livrariarema.com.br\/loja\/wp-json\/wp\/v2\/product"}],"about":[{"href":"https:\/\/www.livrariarema.com.br\/loja\/wp-json\/wp\/v2\/types\/product"}],"replies":[{"embeddable":true,"href":"https:\/\/www.livrariarema.com.br\/loja\/wp-json\/wp\/v2\/comments?post=341835"}],"wp:featuredmedia":[{"embeddable":true,"href":"https:\/\/www.livrariarema.com.br\/loja\/wp-json\/wp\/v2\/media\/341834"}],"wp:attachment":[{"href":"https:\/\/www.livrariarema.com.br\/loja\/wp-json\/wp\/v2\/media?parent=341835"}],"wp:term":[{"taxonomy":"product_cat","embeddable":true,"href":"https:\/\/www.livrariarema.com.br\/loja\/wp-json\/wp\/v2\/product_cat?post=341835"},{"taxonomy":"product_tag","embeddable":true,"href":"https:\/\/www.livrariarema.com.br\/loja\/wp-json\/wp\/v2\/product_tag?post=341835"}],"curies":[{"name":"wp","href":"https:\/\/api.w.org\/{rel}","templated":true}]}}