{"id":341853,"date":"2025-12-02T12:38:11","date_gmt":"2025-12-02T15:38:11","guid":{"rendered":"https:\/\/www.livrariarema.com.br\/loja\/produtos\/sem categoria\/quebra-cabeca-3d-carros\/"},"modified":"2026-04-02T16:21:01","modified_gmt":"2026-04-02T19:21:01","slug":"quebra-cabeca-3d-carros","status":"publish","type":"product","link":"https:\/\/www.livrariarema.com.br\/loja\/produtos\/diversos\/jogos\/quebra-cabeca-3d-carros\/","title":{"rendered":"Quebra-Cabe\u00e7a 3D &#8211; Carros"},"content":{"rendered":"<p>Quebra Cabe\u00e7a Carros 3D em madeira(mdf). S\u00e3o 8 modelos de carros (um por embalagem).<br \/>\nIndicado acompanhamento de um adulto nas montagens pela complexidade e quantidade de pe\u00e7as.<Br><br \/>\nModelos:<br \/>\nBMW 740i  (39 pe\u00e7as)<br \/>\nF1 (53 pe\u00e7as)<br \/>\nF40 (53 pe\u00e7as)<br \/>\nFort T (81 pe\u00e7as) <br \/>\nModel 18 (44 pe\u00e7as)<br \/>\nCabriolet (36 pe\u00e7as)<br \/>\nJipe (50 pe\u00e7as)<br \/>\nPorsche 911 (43 pe\u00e7as)<\/p>\n","protected":false},"excerpt":{"rendered":"<p>Quebra Cabe\u00e7a Carros 3D em madeira(mdf). S\u00e3o 8 modelos de carros (um por embalagem). Indicado acompanhamento de um adulto nas&hellip;<\/p>\n","protected":false},"featured_media":341852,"comment_status":"open","ping_status":"closed","template":"","meta":[],"product_cat":[132,222],"product_tag":[],"_links":{"self":[{"href":"https:\/\/www.livrariarema.com.br\/loja\/wp-json\/wp\/v2\/product\/341853"}],"collection":[{"href":"https:\/\/www.livrariarema.com.br\/loja\/wp-json\/wp\/v2\/product"}],"about":[{"href":"https:\/\/www.livrariarema.com.br\/loja\/wp-json\/wp\/v2\/types\/product"}],"replies":[{"embeddable":true,"href":"https:\/\/www.livrariarema.com.br\/loja\/wp-json\/wp\/v2\/comments?post=341853"}],"wp:featuredmedia":[{"embeddable":true,"href":"https:\/\/www.livrariarema.com.br\/loja\/wp-json\/wp\/v2\/media\/341852"}],"wp:attachment":[{"href":"https:\/\/www.livrariarema.com.br\/loja\/wp-json\/wp\/v2\/media?parent=341853"}],"wp:term":[{"taxonomy":"product_cat","embeddable":true,"href":"https:\/\/www.livrariarema.com.br\/loja\/wp-json\/wp\/v2\/product_cat?post=341853"},{"taxonomy":"product_tag","embeddable":true,"href":"https:\/\/www.livrariarema.com.br\/loja\/wp-json\/wp\/v2\/product_tag?post=341853"}],"curies":[{"name":"wp","href":"https:\/\/api.w.org\/{rel}","templated":true}]}}