{"id":341855,"date":"2025-12-02T12:38:18","date_gmt":"2025-12-02T15:38:18","guid":{"rendered":"https:\/\/www.livrariarema.com.br\/loja\/produtos\/sem categoria\/quebra-cabeca-3d-animais\/"},"modified":"2026-01-02T10:20:58","modified_gmt":"2026-01-02T13:20:58","slug":"quebra-cabeca-3d-animais","status":"publish","type":"product","link":"https:\/\/www.livrariarema.com.br\/loja\/produtos\/diversos\/jogos\/quebra-cabeca-3d-animais\/","title":{"rendered":"Quebra-Cabe\u00e7a 3D &#8211; Animais"},"content":{"rendered":"<p>Colecion\u00e1veis em madeira(MDF). Indicado para crian\u00e7as acima de 5 anos.<\/p>\n<p>Sugerimos uso de cola branca para melhor fixa\u00e7\u00e3o das pe\u00e7as.<\/p>\n<p>Modelos :<br \/>\nElefante<br \/>\nCoruja<br \/>\nCobra<br \/>\nCavalo<br \/>\n\u00c1guia<br \/>\nGirafa<br \/>\nJacar\u00e9<br \/>\nRinoceronte<\/p>\n","protected":false},"excerpt":{"rendered":"<p>Colecion\u00e1veis em madeira(MDF). Indicado para crian\u00e7as acima de 5 anos. Sugerimos uso de cola branca para melhor fixa\u00e7\u00e3o das pe\u00e7as.&hellip;<\/p>\n","protected":false},"featured_media":341854,"comment_status":"open","ping_status":"closed","template":"","meta":[],"product_cat":[132,222],"product_tag":[],"_links":{"self":[{"href":"https:\/\/www.livrariarema.com.br\/loja\/wp-json\/wp\/v2\/product\/341855"}],"collection":[{"href":"https:\/\/www.livrariarema.com.br\/loja\/wp-json\/wp\/v2\/product"}],"about":[{"href":"https:\/\/www.livrariarema.com.br\/loja\/wp-json\/wp\/v2\/types\/product"}],"replies":[{"embeddable":true,"href":"https:\/\/www.livrariarema.com.br\/loja\/wp-json\/wp\/v2\/comments?post=341855"}],"wp:featuredmedia":[{"embeddable":true,"href":"https:\/\/www.livrariarema.com.br\/loja\/wp-json\/wp\/v2\/media\/341854"}],"wp:attachment":[{"href":"https:\/\/www.livrariarema.com.br\/loja\/wp-json\/wp\/v2\/media?parent=341855"}],"wp:term":[{"taxonomy":"product_cat","embeddable":true,"href":"https:\/\/www.livrariarema.com.br\/loja\/wp-json\/wp\/v2\/product_cat?post=341855"},{"taxonomy":"product_tag","embeddable":true,"href":"https:\/\/www.livrariarema.com.br\/loja\/wp-json\/wp\/v2\/product_tag?post=341855"}],"curies":[{"name":"wp","href":"https:\/\/api.w.org\/{rel}","templated":true}]}}