{"id":341862,"date":"2025-12-02T12:39:51","date_gmt":"2025-12-02T15:39:51","guid":{"rendered":"https:\/\/www.livrariarema.com.br\/loja\/produtos\/sem categoria\/jogo-domino-mdf-personagens-biblicos\/"},"modified":"2026-04-04T09:51:28","modified_gmt":"2026-04-04T12:51:28","slug":"jogo-domino-mdf-personagens-biblicos","status":"publish","type":"product","link":"https:\/\/www.livrariarema.com.br\/loja\/produtos\/brinquedos\/domino\/jogo-domino-mdf-personagens-biblicos\/","title":{"rendered":"Jogo Domin\u00f3 &#8211; Mdf &#8211; Personagens B\u00edblicos"},"content":{"rendered":"<p>28 pe\u00e7as<br \/>\n3 est\u00edmulos diferentes: personagens, n\u00fameros e cores<br \/>\nJogo para 2 a 4 jogadores<\/p>\n","protected":false},"excerpt":{"rendered":"<p>28 pe\u00e7as 3 est\u00edmulos diferentes: personagens, n\u00fameros e cores Jogo para 2 a 4 jogadores<\/p>\n","protected":false},"featured_media":341861,"comment_status":"open","ping_status":"closed","template":"","meta":[],"product_cat":[315,318],"product_tag":[],"_links":{"self":[{"href":"https:\/\/www.livrariarema.com.br\/loja\/wp-json\/wp\/v2\/product\/341862"}],"collection":[{"href":"https:\/\/www.livrariarema.com.br\/loja\/wp-json\/wp\/v2\/product"}],"about":[{"href":"https:\/\/www.livrariarema.com.br\/loja\/wp-json\/wp\/v2\/types\/product"}],"replies":[{"embeddable":true,"href":"https:\/\/www.livrariarema.com.br\/loja\/wp-json\/wp\/v2\/comments?post=341862"}],"wp:featuredmedia":[{"embeddable":true,"href":"https:\/\/www.livrariarema.com.br\/loja\/wp-json\/wp\/v2\/media\/341861"}],"wp:attachment":[{"href":"https:\/\/www.livrariarema.com.br\/loja\/wp-json\/wp\/v2\/media?parent=341862"}],"wp:term":[{"taxonomy":"product_cat","embeddable":true,"href":"https:\/\/www.livrariarema.com.br\/loja\/wp-json\/wp\/v2\/product_cat?post=341862"},{"taxonomy":"product_tag","embeddable":true,"href":"https:\/\/www.livrariarema.com.br\/loja\/wp-json\/wp\/v2\/product_tag?post=341862"}],"curies":[{"name":"wp","href":"https:\/\/api.w.org\/{rel}","templated":true}]}}