{"id":341864,"date":"2025-12-02T12:39:56","date_gmt":"2025-12-02T15:39:56","guid":{"rendered":"https:\/\/www.livrariarema.com.br\/loja\/produtos\/sem categoria\/brinquedo-educativo-madeira-alfabeto-animado-ingles\/"},"modified":"2026-04-27T18:00:35","modified_gmt":"2026-04-27T21:00:35","slug":"brinquedo-educativo-madeira-alfabeto-animado-ingles","status":"publish","type":"product","link":"https:\/\/www.livrariarema.com.br\/loja\/produtos\/brinquedos\/brinquedos-educativos\/brinquedo-educativo-madeira-alfabeto-animado-ingles\/","title":{"rendered":"Brinquedo Educativo &#8211; Madeira &#8211; Alfabeto Animado Ingl\u00eas"},"content":{"rendered":"<p>Estimula a Crian\u00e7a a conhecer palavras em Ingl\u00eas de forma l\u00fadica e divertida<br \/>\nIdade: + 3 anos<\/p>\n","protected":false},"excerpt":{"rendered":"<p>Estimula a Crian\u00e7a a conhecer palavras em Ingl\u00eas de forma l\u00fadica e divertida Idade: + 3 anos<\/p>\n","protected":false},"featured_media":341863,"comment_status":"open","ping_status":"closed","template":"","meta":[],"product_cat":[315,319],"product_tag":[],"_links":{"self":[{"href":"https:\/\/www.livrariarema.com.br\/loja\/wp-json\/wp\/v2\/product\/341864"}],"collection":[{"href":"https:\/\/www.livrariarema.com.br\/loja\/wp-json\/wp\/v2\/product"}],"about":[{"href":"https:\/\/www.livrariarema.com.br\/loja\/wp-json\/wp\/v2\/types\/product"}],"replies":[{"embeddable":true,"href":"https:\/\/www.livrariarema.com.br\/loja\/wp-json\/wp\/v2\/comments?post=341864"}],"wp:featuredmedia":[{"embeddable":true,"href":"https:\/\/www.livrariarema.com.br\/loja\/wp-json\/wp\/v2\/media\/341863"}],"wp:attachment":[{"href":"https:\/\/www.livrariarema.com.br\/loja\/wp-json\/wp\/v2\/media?parent=341864"}],"wp:term":[{"taxonomy":"product_cat","embeddable":true,"href":"https:\/\/www.livrariarema.com.br\/loja\/wp-json\/wp\/v2\/product_cat?post=341864"},{"taxonomy":"product_tag","embeddable":true,"href":"https:\/\/www.livrariarema.com.br\/loja\/wp-json\/wp\/v2\/product_tag?post=341864"}],"curies":[{"name":"wp","href":"https:\/\/api.w.org\/{rel}","templated":true}]}}