{"id":341866,"date":"2025-12-02T12:40:02","date_gmt":"2025-12-02T15:40:02","guid":{"rendered":"https:\/\/www.livrariarema.com.br\/loja\/produtos\/sem categoria\/jogo-da-memoria-mdf-biblico-passagens-biblicas-apostolos\/"},"modified":"2026-04-25T11:30:40","modified_gmt":"2026-04-25T14:30:40","slug":"jogo-da-memoria-mdf-biblico-passagens-biblicas-apostolos","status":"publish","type":"product","link":"https:\/\/www.livrariarema.com.br\/loja\/produtos\/brinquedos\/jogos-de-memoria\/jogo-da-memoria-mdf-biblico-passagens-biblicas-apostolos\/","title":{"rendered":"Jogo Da Mem\u00f3ria &#8211; Mdf &#8211; B\u00edblico &#8211; Passagens B\u00edblicas\/Ap\u00f3stolos"},"content":{"rendered":"","protected":false},"excerpt":{"rendered":"","protected":false},"featured_media":341865,"comment_status":"open","ping_status":"closed","template":"","meta":[],"product_cat":[315,320],"product_tag":[],"_links":{"self":[{"href":"https:\/\/www.livrariarema.com.br\/loja\/wp-json\/wp\/v2\/product\/341866"}],"collection":[{"href":"https:\/\/www.livrariarema.com.br\/loja\/wp-json\/wp\/v2\/product"}],"about":[{"href":"https:\/\/www.livrariarema.com.br\/loja\/wp-json\/wp\/v2\/types\/product"}],"replies":[{"embeddable":true,"href":"https:\/\/www.livrariarema.com.br\/loja\/wp-json\/wp\/v2\/comments?post=341866"}],"wp:featuredmedia":[{"embeddable":true,"href":"https:\/\/www.livrariarema.com.br\/loja\/wp-json\/wp\/v2\/media\/341865"}],"wp:attachment":[{"href":"https:\/\/www.livrariarema.com.br\/loja\/wp-json\/wp\/v2\/media?parent=341866"}],"wp:term":[{"taxonomy":"product_cat","embeddable":true,"href":"https:\/\/www.livrariarema.com.br\/loja\/wp-json\/wp\/v2\/product_cat?post=341866"},{"taxonomy":"product_tag","embeddable":true,"href":"https:\/\/www.livrariarema.com.br\/loja\/wp-json\/wp\/v2\/product_tag?post=341866"}],"curies":[{"name":"wp","href":"https:\/\/api.w.org\/{rel}","templated":true}]}}