{"id":341884,"date":"2025-12-02T12:42:14","date_gmt":"2025-12-02T15:42:14","guid":{"rendered":"https:\/\/www.livrariarema.com.br\/loja\/produtos\/sem categoria\/meu-plano-perfeito-capa-verde-tecido-sobre-capa-dura\/"},"modified":"2026-04-08T14:06:32","modified_gmt":"2026-04-08T17:06:32","slug":"meu-plano-perfeito-capa-verde-tecido-sobre-capa-dura","status":"publish","type":"product","link":"https:\/\/www.livrariarema.com.br\/loja\/produtos\/papelaria\/agenda\/meu-plano-perfeito-capa-verde-tecido-sobre-capa-dura\/","title":{"rendered":"Meu Plano Perfeito &#8211; Capa Verde &#8211; Tecido Sobre Capa Dura"},"content":{"rendered":"<p>Descubra um novo estilo de vida J\u00e1 pensou em ter todas as esferas da sua vida organizadas ao alcance da m\u00e3o? Com Meu plano perfeito, voc\u00ea pode. Neste planner anual, voc\u00ea vai encontrar dicas e sugest\u00f5es pr\u00e1ticas para o seu dia a dia; com inten\u00e7\u00e3o de inspir\u00e1-la e encoraj\u00e1-la, na expectativa de que voc\u00ea analise as suas necessidades e crie voc\u00ea mesma o seu planejamento. Al\u00e9m dos calend\u00e1rios mensais e semanais, s\u00e3o cinco abas para ajud\u00e1-la a refletir e planejar melhor sua rotina, seja em casa, nos relacionamentos, na f\u00e9, na vida pessoal ou no trabalho. Em cada uma delas, voc\u00ea ter\u00e1 espa\u00e7os para personalizar suas metas e tarefas, e tamb\u00e9m encontrar\u00e1 textos extras para motiv\u00e1-la e gui\u00e1-la nessas \u00e1reas. Como o planner n\u00e3o tem datas definidas, voc\u00ea pode come\u00e7ar a us\u00e1-lo a qualquer hora! Prepare-se para montar o seu plano perfeito, com organiza\u00e7\u00e3o e estilo!<\/p>\n","protected":false},"excerpt":{"rendered":"<p>Descubra um novo estilo de vida J\u00e1 pensou em ter todas as esferas da sua vida organizadas ao alcance da&hellip;<\/p>\n","protected":false},"featured_media":345851,"comment_status":"open","ping_status":"closed","template":"","meta":[],"product_cat":[248,215],"product_tag":[],"_links":{"self":[{"href":"https:\/\/www.livrariarema.com.br\/loja\/wp-json\/wp\/v2\/product\/341884"}],"collection":[{"href":"https:\/\/www.livrariarema.com.br\/loja\/wp-json\/wp\/v2\/product"}],"about":[{"href":"https:\/\/www.livrariarema.com.br\/loja\/wp-json\/wp\/v2\/types\/product"}],"replies":[{"embeddable":true,"href":"https:\/\/www.livrariarema.com.br\/loja\/wp-json\/wp\/v2\/comments?post=341884"}],"wp:featuredmedia":[{"embeddable":true,"href":"https:\/\/www.livrariarema.com.br\/loja\/wp-json\/wp\/v2\/media\/345851"}],"wp:attachment":[{"href":"https:\/\/www.livrariarema.com.br\/loja\/wp-json\/wp\/v2\/media?parent=341884"}],"wp:term":[{"taxonomy":"product_cat","embeddable":true,"href":"https:\/\/www.livrariarema.com.br\/loja\/wp-json\/wp\/v2\/product_cat?post=341884"},{"taxonomy":"product_tag","embeddable":true,"href":"https:\/\/www.livrariarema.com.br\/loja\/wp-json\/wp\/v2\/product_tag?post=341884"}],"curies":[{"name":"wp","href":"https:\/\/api.w.org\/{rel}","templated":true}]}}