{"id":341889,"date":"2025-12-02T12:42:33","date_gmt":"2025-12-02T15:42:33","guid":{"rendered":"https:\/\/www.livrariarema.com.br\/loja\/produtos\/sem categoria\/um-amor-de-passageiro-maina-mattos\/"},"modified":"2026-03-23T13:03:59","modified_gmt":"2026-03-23T16:03:59","slug":"um-amor-de-passageiro-maina-mattos","status":"publish","type":"product","link":"https:\/\/www.livrariarema.com.br\/loja\/produtos\/livros\/ficcao\/um-amor-de-passageiro-maina-mattos\/","title":{"rendered":"Um Amor De Passageiro &#8211; Maina Mattos"},"content":{"rendered":"<p>ERA PARA SER S\u00d3 MAIS UMA VIAGEM COMUM, MAS O AMOR DECIDIU EMBARCAR.<\/p>\n<p>Tudo o que Gabi queria era uma viagem tranquila, acompanhada de chocolate e um bom devocional, rumo a Inhapim, sua cidade natal.<br \/>\nO que ela n\u00e3o esperava era que o assento ao lado do seu fosse ocupado por Bruno, um rapaz falante, atrapalhado e&#8230; desesperado por papel higi\u00eanico! Muito menos que esse fosse apenas o come\u00e7o de uma viagem cheia de conversas engra\u00e7adas, revela\u00e7\u00f5es inesperadas e dilemas do cora\u00e7\u00e3o.<\/p>\n","protected":false},"excerpt":{"rendered":"<p>ERA PARA SER S\u00d3 MAIS UMA VIAGEM COMUM, MAS O AMOR DECIDIU EMBARCAR. Tudo o que Gabi queria era uma&hellip;<\/p>\n","protected":false},"featured_media":346451,"comment_status":"open","ping_status":"closed","template":"","meta":[],"product_cat":[162,134],"product_tag":[],"_links":{"self":[{"href":"https:\/\/www.livrariarema.com.br\/loja\/wp-json\/wp\/v2\/product\/341889"}],"collection":[{"href":"https:\/\/www.livrariarema.com.br\/loja\/wp-json\/wp\/v2\/product"}],"about":[{"href":"https:\/\/www.livrariarema.com.br\/loja\/wp-json\/wp\/v2\/types\/product"}],"replies":[{"embeddable":true,"href":"https:\/\/www.livrariarema.com.br\/loja\/wp-json\/wp\/v2\/comments?post=341889"}],"wp:featuredmedia":[{"embeddable":true,"href":"https:\/\/www.livrariarema.com.br\/loja\/wp-json\/wp\/v2\/media\/346451"}],"wp:attachment":[{"href":"https:\/\/www.livrariarema.com.br\/loja\/wp-json\/wp\/v2\/media?parent=341889"}],"wp:term":[{"taxonomy":"product_cat","embeddable":true,"href":"https:\/\/www.livrariarema.com.br\/loja\/wp-json\/wp\/v2\/product_cat?post=341889"},{"taxonomy":"product_tag","embeddable":true,"href":"https:\/\/www.livrariarema.com.br\/loja\/wp-json\/wp\/v2\/product_tag?post=341889"}],"curies":[{"name":"wp","href":"https:\/\/api.w.org\/{rel}","templated":true}]}}