{"id":341928,"date":"2025-12-02T14:27:17","date_gmt":"2025-12-02T17:27:17","guid":{"rendered":"https:\/\/www.livrariarema.com.br\/loja\/produtos\/sem categoria\/meu-mundo-em-7-dias-livrinho-de-pano-com-cores-contrastantes-e-chocalho-para-bebes\/"},"modified":"2026-02-20T11:30:43","modified_gmt":"2026-02-20T14:30:43","slug":"meu-mundo-em-7-dias-livrinho-de-pano-com-cores-contrastantes-e-chocalho-para-bebes","status":"publish","type":"product","link":"https:\/\/www.livrariarema.com.br\/loja\/produtos\/livros\/infantil\/meu-mundo-em-7-dias-livrinho-de-pano-com-cores-contrastantes-e-chocalho-para-bebes\/","title":{"rendered":"Meu Mundo Em 7 Dias &#8211; Livrinho De Pano Com Cores Contrastantes E Chocalho Para Beb\u00eas"},"content":{"rendered":"<p>Meu mundo em 7 dias conta a narrativa b\u00edblica da cria\u00e7\u00e3o do mundo utilizando figuras minimalistas e cores em alto contraste, auxiliando a percep\u00e7\u00e3o visual e o desenvolvimento cognitivo do beb\u00ea.<\/p>\n","protected":false},"excerpt":{"rendered":"<p>Meu mundo em 7 dias conta a narrativa b\u00edblica da cria\u00e7\u00e3o do mundo utilizando figuras minimalistas e cores em alto&hellip;<\/p>\n","protected":false},"featured_media":342765,"comment_status":"open","ping_status":"closed","template":"","meta":[],"product_cat":[144,134],"product_tag":[],"_links":{"self":[{"href":"https:\/\/www.livrariarema.com.br\/loja\/wp-json\/wp\/v2\/product\/341928"}],"collection":[{"href":"https:\/\/www.livrariarema.com.br\/loja\/wp-json\/wp\/v2\/product"}],"about":[{"href":"https:\/\/www.livrariarema.com.br\/loja\/wp-json\/wp\/v2\/types\/product"}],"replies":[{"embeddable":true,"href":"https:\/\/www.livrariarema.com.br\/loja\/wp-json\/wp\/v2\/comments?post=341928"}],"wp:featuredmedia":[{"embeddable":true,"href":"https:\/\/www.livrariarema.com.br\/loja\/wp-json\/wp\/v2\/media\/342765"}],"wp:attachment":[{"href":"https:\/\/www.livrariarema.com.br\/loja\/wp-json\/wp\/v2\/media?parent=341928"}],"wp:term":[{"taxonomy":"product_cat","embeddable":true,"href":"https:\/\/www.livrariarema.com.br\/loja\/wp-json\/wp\/v2\/product_cat?post=341928"},{"taxonomy":"product_tag","embeddable":true,"href":"https:\/\/www.livrariarema.com.br\/loja\/wp-json\/wp\/v2\/product_tag?post=341928"}],"curies":[{"name":"wp","href":"https:\/\/api.w.org\/{rel}","templated":true}]}}