{"id":341935,"date":"2025-12-02T16:29:46","date_gmt":"2025-12-02T19:29:46","guid":{"rendered":"https:\/\/www.livrariarema.com.br\/loja\/produtos\/sem categoria\/historia-em-quadrinhos-o-terceiro-dia-a-paixao-de-cristo-em-quadrinhos\/"},"modified":"2026-04-08T14:07:29","modified_gmt":"2026-04-08T17:07:29","slug":"historia-em-quadrinhos-o-terceiro-dia-a-paixao-de-cristo-em-quadrinhos","status":"publish","type":"product","link":"https:\/\/www.livrariarema.com.br\/loja\/produtos\/livros\/manga-hq\/historia-em-quadrinhos-o-terceiro-dia-a-paixao-de-cristo-em-quadrinhos\/","title":{"rendered":"Hist\u00f3ria Em Quadrinhos &#8211; O Terceiro Dia &#8211; A Paix\u00e3o De Cristo Em Quadrinhos"},"content":{"rendered":"<p>O imp\u00e9rio Romano estava em seu auge, ocupando a maior parte do mundo conhecido. Jerusal\u00e9m era uma cidade que recebia multid\u00f5es para celebrar o festival da P\u00e1scoa. Um carpinteiro de uma pequena cidade chegaria para compartilhar uma refei\u00e7\u00e3o com os seus amigos. Estes fatos &#8220;isolados&#8220; formaram o pano do maior evento de todos os tempos, em toda a hist\u00f3ria da humanidade. O universo simplesmente &#8220;prendeu a respira\u00e7\u00e3o&#8221;, enquanto os acontecimentos se desenrolavam em grande dramaticidade e expectativa&#8230; At\u00e9 o Terceiro Dia!<\/p>\n","protected":false},"excerpt":{"rendered":"<p>O imp\u00e9rio Romano estava em seu auge, ocupando a maior parte do mundo conhecido. Jerusal\u00e9m era uma cidade que recebia&hellip;<\/p>\n","protected":false},"featured_media":341934,"comment_status":"open","ping_status":"closed","template":"","meta":[],"product_cat":[134,189],"product_tag":[],"_links":{"self":[{"href":"https:\/\/www.livrariarema.com.br\/loja\/wp-json\/wp\/v2\/product\/341935"}],"collection":[{"href":"https:\/\/www.livrariarema.com.br\/loja\/wp-json\/wp\/v2\/product"}],"about":[{"href":"https:\/\/www.livrariarema.com.br\/loja\/wp-json\/wp\/v2\/types\/product"}],"replies":[{"embeddable":true,"href":"https:\/\/www.livrariarema.com.br\/loja\/wp-json\/wp\/v2\/comments?post=341935"}],"wp:featuredmedia":[{"embeddable":true,"href":"https:\/\/www.livrariarema.com.br\/loja\/wp-json\/wp\/v2\/media\/341934"}],"wp:attachment":[{"href":"https:\/\/www.livrariarema.com.br\/loja\/wp-json\/wp\/v2\/media?parent=341935"}],"wp:term":[{"taxonomy":"product_cat","embeddable":true,"href":"https:\/\/www.livrariarema.com.br\/loja\/wp-json\/wp\/v2\/product_cat?post=341935"},{"taxonomy":"product_tag","embeddable":true,"href":"https:\/\/www.livrariarema.com.br\/loja\/wp-json\/wp\/v2\/product_tag?post=341935"}],"curies":[{"name":"wp","href":"https:\/\/api.w.org\/{rel}","templated":true}]}}