{"id":341936,"date":"2025-12-02T16:29:52","date_gmt":"2025-12-02T19:29:52","guid":{"rendered":"https:\/\/www.livrariarema.com.br\/loja\/produtos\/sem categoria\/historia-em-quadrinhos-vladimir-o-principe-cristao-da-russia\/"},"modified":"2025-12-23T16:41:22","modified_gmt":"2025-12-23T19:41:22","slug":"historia-em-quadrinhos-vladimir-o-principe-cristao-da-russia","status":"publish","type":"product","link":"https:\/\/www.livrariarema.com.br\/loja\/produtos\/livros\/manga-hq\/historia-em-quadrinhos-vladimir-o-principe-cristao-da-russia\/","title":{"rendered":"Hist\u00f3ria Em Quadrinhos &#8211; Vladimir &#8211; O Pr\u00edncipe Crist\u00e3o Da R\u00fassia"},"content":{"rendered":"<p>A hist\u00f3ria do pr\u00edncipe russo que se converteu ao cristianismo<br \/>\nNo final do s\u00e9culo IX, quando a f\u00e9 comum do Imp\u00e9rio Russo era a adora\u00e7\u00e3o aos deuses pag\u00e3os, a saga de Vladimir se inicia com a convers\u00e3o da sua av\u00f3, Olga de Kiev. As reviravoltas se sucedem: de filho bastardo, o pr\u00edncipe Vladimir \u00e9 exilado, quase morto, entrega-se aos prazeres mundanos e, embriagado pelo paganismo, parte para unificar o trono da R\u00fassia. Por\u00e9m, o seu destino &#8211; e odestino de toda a na\u00e7\u00e3o &#8211; ser\u00e1 apenas selado quando ele abra\u00e7ar a f\u00e9 em Jesus Cristo!<\/p>\n<p>Autores: Ben Avery, Lee Wanselja, Rene Gutteridge, Roland Mann, Ken Raney<\/p>\n","protected":false},"excerpt":{"rendered":"<p>A hist\u00f3ria do pr\u00edncipe russo que se converteu ao cristianismo No final do s\u00e9culo IX, quando a f\u00e9 comum do&hellip;<\/p>\n","protected":false},"featured_media":0,"comment_status":"open","ping_status":"closed","template":"","meta":[],"product_cat":[134,189],"product_tag":[],"_links":{"self":[{"href":"https:\/\/www.livrariarema.com.br\/loja\/wp-json\/wp\/v2\/product\/341936"}],"collection":[{"href":"https:\/\/www.livrariarema.com.br\/loja\/wp-json\/wp\/v2\/product"}],"about":[{"href":"https:\/\/www.livrariarema.com.br\/loja\/wp-json\/wp\/v2\/types\/product"}],"replies":[{"embeddable":true,"href":"https:\/\/www.livrariarema.com.br\/loja\/wp-json\/wp\/v2\/comments?post=341936"}],"wp:attachment":[{"href":"https:\/\/www.livrariarema.com.br\/loja\/wp-json\/wp\/v2\/media?parent=341936"}],"wp:term":[{"taxonomy":"product_cat","embeddable":true,"href":"https:\/\/www.livrariarema.com.br\/loja\/wp-json\/wp\/v2\/product_cat?post=341936"},{"taxonomy":"product_tag","embeddable":true,"href":"https:\/\/www.livrariarema.com.br\/loja\/wp-json\/wp\/v2\/product_tag?post=341936"}],"curies":[{"name":"wp","href":"https:\/\/api.w.org\/{rel}","templated":true}]}}