{"id":341940,"date":"2025-12-02T16:30:03","date_gmt":"2025-12-02T19:30:03","guid":{"rendered":"https:\/\/www.livrariarema.com.br\/loja\/produtos\/sem categoria\/historia-em-quadrinhos-jo\/"},"modified":"2026-03-04T11:30:22","modified_gmt":"2026-03-04T14:30:22","slug":"historia-em-quadrinhos-jo","status":"publish","type":"product","link":"https:\/\/www.livrariarema.com.br\/loja\/produtos\/livros\/manga-hq\/historia-em-quadrinhos-jo\/","title":{"rendered":"Hist\u00f3ria Em Quadrinhos &#8211; J\u00f3"},"content":{"rendered":"<p>A incr\u00edvel hist\u00f3ria de f\u00e9 e perseveran\u00e7a de J\u00f3<br \/>\nUm dos maiores exemplos de convic\u00e7\u00e3o contidos na B\u00edblia Sagrada, J\u00f3 teve sua vida destro\u00e7ada quando Deus permitiu que Satan\u00e1s a tocasse. Ele perdeu sua sa\u00fade, fam\u00edlia e posses. Foi envergonhado e abandonado pelos pr\u00f3prios amigos, mas em momento algum negou sua f\u00e9. Ao final dessa grande prova, ele foi surpreendido com a restitui\u00e7\u00e3o de muito mais do que havia perdido. <\/p>\n<p>Uma adapta\u00e7\u00e3o em quadrinhos fiel ao emocionante livro b\u00edblico de J\u00f3.<\/p>\n","protected":false},"excerpt":{"rendered":"<p>A incr\u00edvel hist\u00f3ria de f\u00e9 e perseveran\u00e7a de J\u00f3 Um dos maiores exemplos de convic\u00e7\u00e3o contidos na B\u00edblia Sagrada, J\u00f3&hellip;<\/p>\n","protected":false},"featured_media":341939,"comment_status":"open","ping_status":"closed","template":"","meta":[],"product_cat":[134,189],"product_tag":[],"_links":{"self":[{"href":"https:\/\/www.livrariarema.com.br\/loja\/wp-json\/wp\/v2\/product\/341940"}],"collection":[{"href":"https:\/\/www.livrariarema.com.br\/loja\/wp-json\/wp\/v2\/product"}],"about":[{"href":"https:\/\/www.livrariarema.com.br\/loja\/wp-json\/wp\/v2\/types\/product"}],"replies":[{"embeddable":true,"href":"https:\/\/www.livrariarema.com.br\/loja\/wp-json\/wp\/v2\/comments?post=341940"}],"wp:featuredmedia":[{"embeddable":true,"href":"https:\/\/www.livrariarema.com.br\/loja\/wp-json\/wp\/v2\/media\/341939"}],"wp:attachment":[{"href":"https:\/\/www.livrariarema.com.br\/loja\/wp-json\/wp\/v2\/media?parent=341940"}],"wp:term":[{"taxonomy":"product_cat","embeddable":true,"href":"https:\/\/www.livrariarema.com.br\/loja\/wp-json\/wp\/v2\/product_cat?post=341940"},{"taxonomy":"product_tag","embeddable":true,"href":"https:\/\/www.livrariarema.com.br\/loja\/wp-json\/wp\/v2\/product_tag?post=341940"}],"curies":[{"name":"wp","href":"https:\/\/api.w.org\/{rel}","templated":true}]}}