{"id":342083,"date":"2025-12-06T11:14:33","date_gmt":"2025-12-06T14:14:33","guid":{"rendered":"https:\/\/www.livrariarema.com.br\/loja\/produtos\/sem categoria\/biblia-de-estudo-para-toda-mulher-bege\/"},"modified":"2026-03-20T10:36:36","modified_gmt":"2026-03-20T13:36:36","slug":"biblia-de-estudo-para-toda-mulher-bege","status":"publish","type":"product","link":"https:\/\/www.livrariarema.com.br\/loja\/produtos\/biblias\/estudo-feminina\/biblia-de-estudo-para-toda-mulher-bege\/","title":{"rendered":"B\u00edblia De Estudo Para Toda Mulher &#8211; Bege"},"content":{"rendered":"<p>A B\u00edblia de Estudo para Toda Mulher (NVT) foi desenvolvida para responder \u00e0s perguntas e aos anseios do cora\u00e7\u00e3o feminino diante das Escrituras.<br \/>\nMais de 100 autoras e estudiosas mergulharam nas hist\u00f3rias, desafios e exemplos de f\u00e9 de mulheres ao longo da B\u00edblia, da hist\u00f3ria da igreja e dos dias atuais.<\/p>\n<p>Com devocionais inspiradores, notas de estudo esclarecedoras, recursos visuais e habilita\u00e7\u00e3o para o aplicativo Filament, esta B\u00edblia convida voc\u00ea a descobrir o prop\u00f3sito de Deus para sua vida &#8211; e a viv\u00ea-lo todos os dias.<\/p>\n","protected":false},"excerpt":{"rendered":"<p>A B\u00edblia de Estudo para Toda Mulher (NVT) foi desenvolvida para responder \u00e0s perguntas e aos anseios do cora\u00e7\u00e3o feminino&hellip;<\/p>\n","protected":false},"featured_media":346391,"comment_status":"open","ping_status":"closed","template":"","meta":[],"product_cat":[139,175],"product_tag":[],"_links":{"self":[{"href":"https:\/\/www.livrariarema.com.br\/loja\/wp-json\/wp\/v2\/product\/342083"}],"collection":[{"href":"https:\/\/www.livrariarema.com.br\/loja\/wp-json\/wp\/v2\/product"}],"about":[{"href":"https:\/\/www.livrariarema.com.br\/loja\/wp-json\/wp\/v2\/types\/product"}],"replies":[{"embeddable":true,"href":"https:\/\/www.livrariarema.com.br\/loja\/wp-json\/wp\/v2\/comments?post=342083"}],"wp:featuredmedia":[{"embeddable":true,"href":"https:\/\/www.livrariarema.com.br\/loja\/wp-json\/wp\/v2\/media\/346391"}],"wp:attachment":[{"href":"https:\/\/www.livrariarema.com.br\/loja\/wp-json\/wp\/v2\/media?parent=342083"}],"wp:term":[{"taxonomy":"product_cat","embeddable":true,"href":"https:\/\/www.livrariarema.com.br\/loja\/wp-json\/wp\/v2\/product_cat?post=342083"},{"taxonomy":"product_tag","embeddable":true,"href":"https:\/\/www.livrariarema.com.br\/loja\/wp-json\/wp\/v2\/product_tag?post=342083"}],"curies":[{"name":"wp","href":"https:\/\/api.w.org\/{rel}","templated":true}]}}