{"id":342104,"date":"2025-12-06T12:17:35","date_gmt":"2025-12-06T15:17:35","guid":{"rendered":"https:\/\/www.livrariarema.com.br\/loja\/produtos\/sem categoria\/ore-90-devocionais-diarios-stormie-omartian\/"},"modified":"2026-03-23T12:42:29","modified_gmt":"2026-03-23T15:42:29","slug":"ore-90-devocionais-diarios-stormie-omartian","status":"publish","type":"product","link":"https:\/\/www.livrariarema.com.br\/loja\/produtos\/livros\/devocional\/ore-90-devocionais-diarios-stormie-omartian\/","title":{"rendered":"Ore: 90 Devocionais Di\u00e1rios &#8211; Stormie Omartian"},"content":{"rendered":"<p>Ore!<\/p>\n<p>Muitas vezes, as distra\u00e7\u00f5es da vida nos fazem imergir em um mar de preocupa\u00e7\u00f5es, d\u00favidas e ang\u00fastias sem fim. \u00c9 tempo de redirecionar o foco das prioridades para o que de fato importa: buscar a Deus em ora\u00e7\u00e3o.<\/p>\n<p>Este livro foi concebido para ajud\u00e1-la a recarregar as for\u00e7as e aliviar a alma. Escrito por Stormie Omartian, uma das autoras mais aclamadas quando os temas s\u00e3o confian\u00e7a no Senhor, ora\u00e7\u00e3o, louvor e amor a Deus e ao pr\u00f3ximo, Ore \u00e9 apresentado em p\u00e1ginas duplas, coloridas, com espa\u00e7o para reflex\u00f5es e anota\u00e7\u00f5es. Cada devocional traz, para reflex\u00e3o e estudo, uma sugest\u00e3o de leitura de textos b\u00edblicos relacionados com a tem\u00e1tica desenvolvida, al\u00e9m de uma ora\u00e7\u00e3o. Como recurso adicional, apresenta, ainda, o ponto principal da leitura na forma de uma frase em destaque, para que possa ser revisitado em um simples folhear de p\u00e1ginas.<\/p>\n<p>A palavra do Senhor nunca volta vazia.<\/p>\n","protected":false},"excerpt":{"rendered":"<p>Ore! Muitas vezes, as distra\u00e7\u00f5es da vida nos fazem imergir em um mar de preocupa\u00e7\u00f5es, d\u00favidas e ang\u00fastias sem fim.&hellip;<\/p>\n","protected":false},"featured_media":344321,"comment_status":"open","ping_status":"closed","template":"","meta":[],"product_cat":[158,134],"product_tag":[],"_links":{"self":[{"href":"https:\/\/www.livrariarema.com.br\/loja\/wp-json\/wp\/v2\/product\/342104"}],"collection":[{"href":"https:\/\/www.livrariarema.com.br\/loja\/wp-json\/wp\/v2\/product"}],"about":[{"href":"https:\/\/www.livrariarema.com.br\/loja\/wp-json\/wp\/v2\/types\/product"}],"replies":[{"embeddable":true,"href":"https:\/\/www.livrariarema.com.br\/loja\/wp-json\/wp\/v2\/comments?post=342104"}],"wp:featuredmedia":[{"embeddable":true,"href":"https:\/\/www.livrariarema.com.br\/loja\/wp-json\/wp\/v2\/media\/344321"}],"wp:attachment":[{"href":"https:\/\/www.livrariarema.com.br\/loja\/wp-json\/wp\/v2\/media?parent=342104"}],"wp:term":[{"taxonomy":"product_cat","embeddable":true,"href":"https:\/\/www.livrariarema.com.br\/loja\/wp-json\/wp\/v2\/product_cat?post=342104"},{"taxonomy":"product_tag","embeddable":true,"href":"https:\/\/www.livrariarema.com.br\/loja\/wp-json\/wp\/v2\/product_tag?post=342104"}],"curies":[{"name":"wp","href":"https:\/\/api.w.org\/{rel}","templated":true}]}}