{"id":342106,"date":"2025-12-06T12:18:10","date_gmt":"2025-12-06T15:18:10","guid":{"rendered":"https:\/\/www.livrariarema.com.br\/loja\/produtos\/sem categoria\/journal-da-garota-corajosa-arlene-diniz-maria-s-araujo-queren-ane-thais-oliveira-nova-capa\/"},"modified":"2026-03-14T11:10:43","modified_gmt":"2026-03-14T14:10:43","slug":"journal-da-garota-corajosa-arlene-diniz-maria-s-araujo-queren-ane-thais-oliveira-nova-capa","status":"publish","type":"product","link":"https:\/\/www.livrariarema.com.br\/loja\/produtos\/livros\/juvenil\/journal-da-garota-corajosa-arlene-diniz-maria-s-araujo-queren-ane-thais-oliveira-nova-capa\/","title":{"rendered":"Journal Da Garota Corajosa &#8211; Arlene Diniz, Maria S. Ara\u00fajo, Queren Ane, Tha\u00eds Oliveira (Nova Capa)"},"content":{"rendered":"<p>O Journal da Garota Corajosa chegou com nova capa &#8211; e ainda mais inspira\u00e7\u00e3o!<Br><br \/>\nCom base nas hist\u00f3rias das princesas da s\u00e9rie Corajosas, este di\u00e1rio guiado ajuda meninas e adolescentes a viverem a f\u00e9 de maneira pr\u00e1tica, criativa e profunda.<br \/>\n<br \/><Br><br \/>\nEm cada p\u00e1gina, h\u00e1 espa\u00e7o para anotar, refletir e descobrir o que significa ter coragem para ser quem Deus criou voc\u00ea para ser.<Br><br \/>\nCom duas cartelas de adesivos, p\u00e1ginas coloridas e se\u00e7\u00f5es interativas, o journal \u00e9 o presente ideal para meninas que querem crescer espiritualmente e fortalecer sua identidade em Cristo.<Br><\/p>\n","protected":false},"excerpt":{"rendered":"<p>O Journal da Garota Corajosa chegou com nova capa &#8211; e ainda mais inspira\u00e7\u00e3o! Com base nas hist\u00f3rias das princesas&hellip;<\/p>\n","protected":false},"featured_media":344325,"comment_status":"open","ping_status":"closed","template":"","meta":[],"product_cat":[184,134],"product_tag":[],"_links":{"self":[{"href":"https:\/\/www.livrariarema.com.br\/loja\/wp-json\/wp\/v2\/product\/342106"}],"collection":[{"href":"https:\/\/www.livrariarema.com.br\/loja\/wp-json\/wp\/v2\/product"}],"about":[{"href":"https:\/\/www.livrariarema.com.br\/loja\/wp-json\/wp\/v2\/types\/product"}],"replies":[{"embeddable":true,"href":"https:\/\/www.livrariarema.com.br\/loja\/wp-json\/wp\/v2\/comments?post=342106"}],"wp:featuredmedia":[{"embeddable":true,"href":"https:\/\/www.livrariarema.com.br\/loja\/wp-json\/wp\/v2\/media\/344325"}],"wp:attachment":[{"href":"https:\/\/www.livrariarema.com.br\/loja\/wp-json\/wp\/v2\/media?parent=342106"}],"wp:term":[{"taxonomy":"product_cat","embeddable":true,"href":"https:\/\/www.livrariarema.com.br\/loja\/wp-json\/wp\/v2\/product_cat?post=342106"},{"taxonomy":"product_tag","embeddable":true,"href":"https:\/\/www.livrariarema.com.br\/loja\/wp-json\/wp\/v2\/product_tag?post=342106"}],"curies":[{"name":"wp","href":"https:\/\/api.w.org\/{rel}","templated":true}]}}