{"id":342108,"date":"2025-12-06T12:18:15","date_gmt":"2025-12-06T15:18:15","guid":{"rendered":"https:\/\/www.livrariarema.com.br\/loja\/produtos\/sem%20categoria\/festa-incrivel-e-superfantastica-a-catalina-echeverri-e-joni-eareckson-tada\/"},"modified":"2026-04-02T18:31:17","modified_gmt":"2026-04-02T21:31:17","slug":"festa-incrivel-e-superfantastica-a-catalina-echeverri-e-joni-eareckson-tada","status":"publish","type":"product","link":"https:\/\/www.livrariarema.com.br\/loja\/produtos\/livros\/infantil\/festa-incrivel-e-superfantastica-a-catalina-echeverri-e-joni-eareckson-tada\/","title":{"rendered":"Festa Incr\u00edvel E Superfant\u00e1stica, A &#8211; Catalina Echeverri E Joni Eareckson Tada"},"content":{"rendered":"<p>&#8220;Voc\u00ea j\u00e1 recebeu um convite para uma festa, um jogo de futebol ou um casamento? Os melhores convites s\u00e3o aqueles para momentos inesquec\u00edveis com pessoas incr\u00edveis. E este \u00e9 o melhor convite de todos.&#8221;<Br><br \/>\n<Br><br \/>\nComo ser\u00e1 o c\u00e9u? O que as pessoas far\u00e3o l\u00e1 para sempre? Junte-se \u00e0 Joni Eareckson Tada e vislumbre a vida incr\u00edvel, brilhante e esplendorosa que os amigos de Jesus desfrutar\u00e3o quando ele voltar para este mundo. e trouxer com ele o c\u00e9u!<Br><\/p>\n","protected":false},"excerpt":{"rendered":"<p>&#8220;Voc\u00ea j\u00e1 recebeu um convite para uma festa, um jogo de futebol ou um casamento? Os melhores convites s\u00e3o aqueles&hellip;<\/p>\n","protected":false},"featured_media":342313,"comment_status":"open","ping_status":"closed","template":"","meta":[],"product_cat":[144,134],"product_tag":[],"_links":{"self":[{"href":"https:\/\/www.livrariarema.com.br\/loja\/wp-json\/wp\/v2\/product\/342108"}],"collection":[{"href":"https:\/\/www.livrariarema.com.br\/loja\/wp-json\/wp\/v2\/product"}],"about":[{"href":"https:\/\/www.livrariarema.com.br\/loja\/wp-json\/wp\/v2\/types\/product"}],"replies":[{"embeddable":true,"href":"https:\/\/www.livrariarema.com.br\/loja\/wp-json\/wp\/v2\/comments?post=342108"}],"wp:featuredmedia":[{"embeddable":true,"href":"https:\/\/www.livrariarema.com.br\/loja\/wp-json\/wp\/v2\/media\/342313"}],"wp:attachment":[{"href":"https:\/\/www.livrariarema.com.br\/loja\/wp-json\/wp\/v2\/media?parent=342108"}],"wp:term":[{"taxonomy":"product_cat","embeddable":true,"href":"https:\/\/www.livrariarema.com.br\/loja\/wp-json\/wp\/v2\/product_cat?post=342108"},{"taxonomy":"product_tag","embeddable":true,"href":"https:\/\/www.livrariarema.com.br\/loja\/wp-json\/wp\/v2\/product_tag?post=342108"}],"curies":[{"name":"wp","href":"https:\/\/api.w.org\/{rel}","templated":true}]}}