{"id":342111,"date":"2025-12-06T12:18:39","date_gmt":"2025-12-06T15:18:39","guid":{"rendered":"https:\/\/www.livrariarema.com.br\/loja\/produtos\/sem categoria\/como-um-dia-sem-fim-tatielle-katluryn\/"},"modified":"2026-02-11T13:58:07","modified_gmt":"2026-02-11T16:58:07","slug":"como-um-dia-sem-fim-tatielle-katluryn","status":"publish","type":"product","link":"https:\/\/www.livrariarema.com.br\/loja\/produtos\/livros\/ficcao\/como-um-dia-sem-fim-tatielle-katluryn\/","title":{"rendered":"Como Um Dia Sem Fim &#8211; Tatielle Katluryn"},"content":{"rendered":"<p>Um encontro inesperado. Um cora\u00e7\u00e3o marcado pelo passado. Um amor capaz de curar.<\/p>\n<p>No novo romance Como um dia sem fim, Tatielle Katluryn &#8211; autora de O horizonte mora em um dia cinza &#8211; nos presenteia com uma hist\u00f3ria doce, sens\u00edvel e cheia de f\u00e9.<\/p>\n<p>Quando Dominic Sanchez embarca rumo a S\u00e3o Paulo dias antes do Natal, ela n\u00e3o imagina que aquele voo mudar\u00e1 tudo. Ao conhecer Jae-won Kim, um jovem coreano de cora\u00e7\u00e3o gentil, Dominic \u00e9 desafiada a revisitar suas feridas e redescobrir a esperan\u00e7a que s\u00f3 o amor de Deus pode restaurar.<\/p>\n<p>Com escrita leve e mensagens edificantes, o livro combina romance, f\u00e9 e supera\u00e7\u00e3o, tocando o cora\u00e7\u00e3o de quem acredita em recome\u00e7os e milagres disfar\u00e7ados de coincid\u00eancias.<\/p>\n","protected":false},"excerpt":{"rendered":"<p>Um encontro inesperado. Um cora\u00e7\u00e3o marcado pelo passado. Um amor capaz de curar. No novo romance Como um dia sem&hellip;<\/p>\n","protected":false},"featured_media":344330,"comment_status":"open","ping_status":"closed","template":"","meta":[],"product_cat":[162,134],"product_tag":[],"_links":{"self":[{"href":"https:\/\/www.livrariarema.com.br\/loja\/wp-json\/wp\/v2\/product\/342111"}],"collection":[{"href":"https:\/\/www.livrariarema.com.br\/loja\/wp-json\/wp\/v2\/product"}],"about":[{"href":"https:\/\/www.livrariarema.com.br\/loja\/wp-json\/wp\/v2\/types\/product"}],"replies":[{"embeddable":true,"href":"https:\/\/www.livrariarema.com.br\/loja\/wp-json\/wp\/v2\/comments?post=342111"}],"wp:featuredmedia":[{"embeddable":true,"href":"https:\/\/www.livrariarema.com.br\/loja\/wp-json\/wp\/v2\/media\/344330"}],"wp:attachment":[{"href":"https:\/\/www.livrariarema.com.br\/loja\/wp-json\/wp\/v2\/media?parent=342111"}],"wp:term":[{"taxonomy":"product_cat","embeddable":true,"href":"https:\/\/www.livrariarema.com.br\/loja\/wp-json\/wp\/v2\/product_cat?post=342111"},{"taxonomy":"product_tag","embeddable":true,"href":"https:\/\/www.livrariarema.com.br\/loja\/wp-json\/wp\/v2\/product_tag?post=342111"}],"curies":[{"name":"wp","href":"https:\/\/api.w.org\/{rel}","templated":true}]}}