{"id":342281,"date":"2025-12-10T13:48:15","date_gmt":"2025-12-10T16:48:15","guid":{"rendered":"https:\/\/www.livrariarema.com.br\/loja\/produtos\/sem categoria\/arc065nbem-biblia-da-mulher-impressa-tulipa-azul\/"},"modified":"2026-04-29T13:59:48","modified_gmt":"2026-04-29T16:59:48","slug":"arc065nbem-biblia-da-mulher-impressa-tulipa-azul","status":"publish","type":"product","link":"https:\/\/www.livrariarema.com.br\/loja\/produtos\/biblias\/estudo-feminina\/arc065nbem-biblia-da-mulher-impressa-tulipa-azul\/","title":{"rendered":"Arc065nbem &#8211; B\u00edblia Da Mulher &#8211; Impressa Tulipa Azul"},"content":{"rendered":"<p>Descubra a Palavra de Deus de forma clara, profunda e acess\u00edvel com esta edi\u00e7\u00e3o especial da B\u00edblia Sagrada. Esta vers\u00e3o destaca cerca de 800 mulheres ou grupos de mulheres presentes nas Escrituras, oferecendo uma abordagem \u00fanica e transformadora.<\/p>\n<p>Ideal para quem deseja estudar a B\u00edblia com um olhar voltado para o papel das mulheres na hist\u00f3ria da salva\u00e7\u00e3o, esta edi\u00e7\u00e3o re\u00fane recursos que enriquecem a leitura e proporcionam uma imers\u00e3o completa nos ensinamentos b\u00edblicos.<\/p>\n","protected":false},"excerpt":{"rendered":"<p>Descubra a Palavra de Deus de forma clara, profunda e acess\u00edvel com esta edi\u00e7\u00e3o especial da B\u00edblia Sagrada. Esta vers\u00e3o&hellip;<\/p>\n","protected":false},"featured_media":347653,"comment_status":"open","ping_status":"closed","template":"","meta":[],"product_cat":[139,175],"product_tag":[],"_links":{"self":[{"href":"https:\/\/www.livrariarema.com.br\/loja\/wp-json\/wp\/v2\/product\/342281"}],"collection":[{"href":"https:\/\/www.livrariarema.com.br\/loja\/wp-json\/wp\/v2\/product"}],"about":[{"href":"https:\/\/www.livrariarema.com.br\/loja\/wp-json\/wp\/v2\/types\/product"}],"replies":[{"embeddable":true,"href":"https:\/\/www.livrariarema.com.br\/loja\/wp-json\/wp\/v2\/comments?post=342281"}],"wp:featuredmedia":[{"embeddable":true,"href":"https:\/\/www.livrariarema.com.br\/loja\/wp-json\/wp\/v2\/media\/347653"}],"wp:attachment":[{"href":"https:\/\/www.livrariarema.com.br\/loja\/wp-json\/wp\/v2\/media?parent=342281"}],"wp:term":[{"taxonomy":"product_cat","embeddable":true,"href":"https:\/\/www.livrariarema.com.br\/loja\/wp-json\/wp\/v2\/product_cat?post=342281"},{"taxonomy":"product_tag","embeddable":true,"href":"https:\/\/www.livrariarema.com.br\/loja\/wp-json\/wp\/v2\/product_tag?post=342281"}],"curies":[{"name":"wp","href":"https:\/\/api.w.org\/{rel}","templated":true}]}}