{"id":342287,"date":"2025-12-10T17:00:47","date_gmt":"2025-12-10T20:00:47","guid":{"rendered":"https:\/\/www.livrariarema.com.br\/loja\/produtos\/sem%20categoria\/serie-livros-da-biblia-uniao-com-cristo-um-vislumbre-do-livro-de-rute-christian-chen\/"},"modified":"2026-04-30T16:43:28","modified_gmt":"2026-04-30T19:43:28","slug":"serie-livros-da-biblia-uniao-com-cristo-um-vislumbre-do-livro-de-rute-christian-chen","status":"publish","type":"product","link":"https:\/\/www.livrariarema.com.br\/loja\/produtos\/livros\/estudo-biblico\/serie-livros-da-biblia-uniao-com-cristo-um-vislumbre-do-livro-de-rute-christian-chen\/","title":{"rendered":"S\u00e9rie Livros Da B\u00edblia &#8211; Uni\u00e3o Com Cristo: Um Vislumbre Do Livro De Rute &#8211; Christian Chen"},"content":{"rendered":"<p>Rute \u00e9 um dos livros mais curtos da B\u00edblia e ao mesmo tempo, um dos mais lindos. Ap\u00f3s ler Ju\u00edzes e ent\u00e3o Rute, vai-se do som das lutas nos campos de batalha, para o som das b\u00ean\u00e7\u00e3os nos campos de colheita. Rute n\u00e3o \u00e9 apenas um livro hist\u00f3rico que descreve a gra\u00e7a, mas tamb\u00e9m \u00e9 um livro cheio de li\u00e7\u00f5es espirituais. Se Rute tipifica o pecador salvo pela gra\u00e7a e Boaz tipifica Cristo, ent\u00e3o a hist\u00f3ria entre Boaz e Rute tipifica a hist\u00f3ria de amor entre Cristo e n\u00f3s. Na linguagem do Novo Testamento, &#8220;Uni\u00e3o com Cristo&#8221; \u00e9 a frase que abrange a hist\u00f3ria encontrada em Rute em todos os seus aspectos. Como no caminho do crescimento crist\u00e3o, vemos como de uma moabita, gradualmente, Rute se tornou uma segadora, uma mulher virtuosa e, finalmente, uma esposa.<\/p>\n<p>Este livro \u00e9 uma &#8220;espiga dos molhos&#8221; que o nosso Boaz ordenou que &#8220;fossem deixadas intencionalmente&#8221; para n\u00f3s (Rt 2:16). Sendo um dentre as dezenas de milhares de &#8220;Rutes&#8221;, o autor compartilha com o leitor aquilo que respigou. Possamos constantemente lembrarmos uns aos outros daquilo que Ele disse: &#8220;.O Senhor retribua o teu feito e seja completa a tua recompensa do Senhor.&#8221; (Rt 2:12).<\/p>\n","protected":false},"excerpt":{"rendered":"<p>Rute \u00e9 um dos livros mais curtos da B\u00edblia e ao mesmo tempo, um dos mais lindos. Ap\u00f3s ler Ju\u00edzes&hellip;<\/p>\n","protected":false},"featured_media":346959,"comment_status":"open","ping_status":"closed","template":"","meta":[],"product_cat":[161,134],"product_tag":[],"_links":{"self":[{"href":"https:\/\/www.livrariarema.com.br\/loja\/wp-json\/wp\/v2\/product\/342287"}],"collection":[{"href":"https:\/\/www.livrariarema.com.br\/loja\/wp-json\/wp\/v2\/product"}],"about":[{"href":"https:\/\/www.livrariarema.com.br\/loja\/wp-json\/wp\/v2\/types\/product"}],"replies":[{"embeddable":true,"href":"https:\/\/www.livrariarema.com.br\/loja\/wp-json\/wp\/v2\/comments?post=342287"}],"wp:featuredmedia":[{"embeddable":true,"href":"https:\/\/www.livrariarema.com.br\/loja\/wp-json\/wp\/v2\/media\/346959"}],"wp:attachment":[{"href":"https:\/\/www.livrariarema.com.br\/loja\/wp-json\/wp\/v2\/media?parent=342287"}],"wp:term":[{"taxonomy":"product_cat","embeddable":true,"href":"https:\/\/www.livrariarema.com.br\/loja\/wp-json\/wp\/v2\/product_cat?post=342287"},{"taxonomy":"product_tag","embeddable":true,"href":"https:\/\/www.livrariarema.com.br\/loja\/wp-json\/wp\/v2\/product_tag?post=342287"}],"curies":[{"name":"wp","href":"https:\/\/api.w.org\/{rel}","templated":true}]}}