{"id":342377,"date":"2025-12-12T11:09:28","date_gmt":"2025-12-12T14:09:28","guid":{"rendered":"https:\/\/www.livrariarema.com.br\/loja\/produtos\/sem%20categoria\/serie-profecias-da-biblia-os-conflitos-no-oriente-medio-a-luz-da-profecia-biblica-christian-chen\/"},"modified":"2026-04-13T12:53:37","modified_gmt":"2026-04-13T15:53:37","slug":"serie-profecias-da-biblia-os-conflitos-no-oriente-medio-a-luz-da-profecia-biblica-christian-chen","status":"publish","type":"product","link":"https:\/\/www.livrariarema.com.br\/loja\/produtos\/livros\/estudo-biblico\/serie-profecias-da-biblia-os-conflitos-no-oriente-medio-a-luz-da-profecia-biblica-christian-chen\/","title":{"rendered":"S\u00e9rie Profecias Da B\u00edblia &#8211; Os Conflitos No Oriente M\u00e9dio \u00c0 Luz Da Profecia B\u00edblica &#8211; Christian Chen"},"content":{"rendered":"<p>&#8220;Aprendei, pois, a par\u00e1bola da figueira: quando j\u00e1 os seus ramos se renovam e as folhas brotam, sabeis que est\u00e1 pr\u00f3ximo o ver\u00e3o.&#8221; Mt 24:32.<Br><br \/>\n<Br><br \/>\nNos dias em que vivemos, v\u00e1rias profecias b\u00edblicas relacionadas ao povo de Israel est\u00e3o se cumprindo, uma a uma, diante de nossos olhos. O renascimento de Israel como na\u00e7\u00e3o em 1948; as duas ondas de &#8220;\u00eaxodo&#8221; &#8211; o retorno \u00e0 Terra Prometida, nas d\u00e9cadas de 50 e 90; e tamb\u00e9m o retorno da cidade de Jerusal\u00e9m \u00e0 soberania de Israel em 1967 s\u00e3o alguns exemplos patentes. Poucas profecias, como as relacionadas \u00e0 reconstru\u00e7\u00e3o do Templo, ainda aguardam seu cumprimento.<Br><br \/>\n<Br><br \/>\nNeste livro o autor analisa cuidadosamente \u00e0 luz da Palavra de Deus, as principais profecias relacionadas aos recentes Conflitos no Oriente M\u00e9dio. Fatos da hist\u00f3ria recente s\u00e3o apresentados, juntamente com vasto material que inclui figuras, mapas e tabelas, para auxiliar o leitor a compreender o tempo em que vive. A inerr\u00e2ncia da B\u00edblia permite constatar que as atuais mudan\u00e7as no panorama mundial est\u00e3o sendo executadas cada uma a seu tempo, conforme o cronograma soberano de Deus.<Br><br \/>\n<Br><br \/>\nO principal objetivo, no entanto, n\u00e3o \u00e9 responder os infind\u00e1veis questionamentos de mentes curiosas, mas sim encher de esperan\u00e7a o cora\u00e7\u00e3o daqueles cujo anseio \u00e9 contemplar face a face, muito em breve, o Senhor da gl\u00f3ria. O leitor atento certamente ouvir\u00e1 ecoar as inabal\u00e1veis palavras do Senhor:<Br><br \/>\n&#8220;Passar\u00e1 o c\u00e9u e a terra, por\u00e9m as minhas palavras n\u00e3o passar\u00e3o&#8221; Mt 24:35.<Br><br \/>\n<Br><br \/>\n&#8220;Assim, tamb\u00e9m v\u00f3s: quando virdes acontecer estas coisas, sabei que est\u00e1 pr\u00f3ximo, \u00e0s portas.&#8221; Mc 13:29.<Br><br \/>\n<Br><br \/>\n&#8220;Certamente, venho sem demora. Am\u00e9m! Vem, Senhor Jesus!&#8221; Ap 22:20b.<Br><\/p>\n","protected":false},"excerpt":{"rendered":"<p>&#8220;Aprendei, pois, a par\u00e1bola da figueira: quando j\u00e1 os seus ramos se renovam e as folhas brotam, sabeis que est\u00e1&hellip;<\/p>\n","protected":false},"featured_media":346963,"comment_status":"open","ping_status":"closed","template":"","meta":[],"product_cat":[161,134],"product_tag":[],"_links":{"self":[{"href":"https:\/\/www.livrariarema.com.br\/loja\/wp-json\/wp\/v2\/product\/342377"}],"collection":[{"href":"https:\/\/www.livrariarema.com.br\/loja\/wp-json\/wp\/v2\/product"}],"about":[{"href":"https:\/\/www.livrariarema.com.br\/loja\/wp-json\/wp\/v2\/types\/product"}],"replies":[{"embeddable":true,"href":"https:\/\/www.livrariarema.com.br\/loja\/wp-json\/wp\/v2\/comments?post=342377"}],"wp:featuredmedia":[{"embeddable":true,"href":"https:\/\/www.livrariarema.com.br\/loja\/wp-json\/wp\/v2\/media\/346963"}],"wp:attachment":[{"href":"https:\/\/www.livrariarema.com.br\/loja\/wp-json\/wp\/v2\/media?parent=342377"}],"wp:term":[{"taxonomy":"product_cat","embeddable":true,"href":"https:\/\/www.livrariarema.com.br\/loja\/wp-json\/wp\/v2\/product_cat?post=342377"},{"taxonomy":"product_tag","embeddable":true,"href":"https:\/\/www.livrariarema.com.br\/loja\/wp-json\/wp\/v2\/product_tag?post=342377"}],"curies":[{"name":"wp","href":"https:\/\/api.w.org\/{rel}","templated":true}]}}