{"id":342403,"date":"2025-12-12T17:50:41","date_gmt":"2025-12-12T20:50:41","guid":{"rendered":"https:\/\/www.livrariarema.com.br\/loja\/produtos\/sem categoria\/regua-leoleo-plastica-30-cm-transparente\/"},"modified":"2025-12-12T17:50:43","modified_gmt":"2025-12-12T20:50:43","slug":"regua-leoleo-plastica-30-cm-transparente","status":"publish","type":"product","link":"https:\/\/www.livrariarema.com.br\/loja\/produtos\/papelaria\/regua\/regua-leoleo-plastica-30-cm-transparente\/","title":{"rendered":"R\u00e9gua &#8211; Leo&amp;Leo &#8211; Pl\u00e1stica &#8211; 30 Cm &#8211; Transparente"},"content":{"rendered":"<p>A R\u00e9gua Pl\u00e1stica possui corpo transparente e escala em cent\u00edmetro, mede at\u00e9 30 cm.<\/p>\n","protected":false},"excerpt":{"rendered":"<p>A R\u00e9gua Pl\u00e1stica possui corpo transparente e escala em cent\u00edmetro, mede at\u00e9 30 cm.<\/p>\n","protected":false},"featured_media":342402,"comment_status":"open","ping_status":"closed","template":"","meta":[],"product_cat":[215,265],"product_tag":[],"_links":{"self":[{"href":"https:\/\/www.livrariarema.com.br\/loja\/wp-json\/wp\/v2\/product\/342403"}],"collection":[{"href":"https:\/\/www.livrariarema.com.br\/loja\/wp-json\/wp\/v2\/product"}],"about":[{"href":"https:\/\/www.livrariarema.com.br\/loja\/wp-json\/wp\/v2\/types\/product"}],"replies":[{"embeddable":true,"href":"https:\/\/www.livrariarema.com.br\/loja\/wp-json\/wp\/v2\/comments?post=342403"}],"wp:featuredmedia":[{"embeddable":true,"href":"https:\/\/www.livrariarema.com.br\/loja\/wp-json\/wp\/v2\/media\/342402"}],"wp:attachment":[{"href":"https:\/\/www.livrariarema.com.br\/loja\/wp-json\/wp\/v2\/media?parent=342403"}],"wp:term":[{"taxonomy":"product_cat","embeddable":true,"href":"https:\/\/www.livrariarema.com.br\/loja\/wp-json\/wp\/v2\/product_cat?post=342403"},{"taxonomy":"product_tag","embeddable":true,"href":"https:\/\/www.livrariarema.com.br\/loja\/wp-json\/wp\/v2\/product_tag?post=342403"}],"curies":[{"name":"wp","href":"https:\/\/api.w.org\/{rel}","templated":true}]}}