{"id":342428,"date":"2025-12-12T17:53:33","date_gmt":"2025-12-12T20:53:33","guid":{"rendered":"https:\/\/www.livrariarema.com.br\/loja\/produtos\/sem categoria\/nao-existe-crista-feminista-ana-campagnolo\/"},"modified":"2025-12-17T14:02:14","modified_gmt":"2025-12-17T17:02:14","slug":"nao-existe-crista-feminista-ana-campagnolo","status":"publish","type":"product","link":"https:\/\/www.livrariarema.com.br\/loja\/produtos\/livros\/atualidades\/nao-existe-crista-feminista-ana-campagnolo\/","title":{"rendered":"N\u00e3o Existe Crist\u00e3 Feminista &#8211; Ana Campagnolo"},"content":{"rendered":"<p>Em tempos em que ideologias secularizantes infiltram-se sorrateiramente nas igrejas, N\u00e3o existe crist\u00e3 feminista ergue-se como um chamado urgente \u00e0 lucidez e \u00e0 fidelidade b\u00edblica.<\/p>\n<p>Sob a lideran\u00e7a da deputada Ana Campagnolo, a mais proeminente voz antifeminista do pa\u00eds, esta obra re\u00fane autores evang\u00e9licos e cat\u00f3licos para denunciar, com coragem e embasamento, os danos do feminismo \u00e0 f\u00e9 crist\u00e3, \u00e0 autoridade das Escrituras e \u00e0 miss\u00e3o da fam\u00edlia. O livro oferece uma an\u00e1lise clara e indispens\u00e1vel para l\u00edderes, educadores e pais que desejam proteger seus filhos e disc\u00edpulos das armadilhas ideol\u00f3gicas do nosso tempo.<\/p>\n","protected":false},"excerpt":{"rendered":"<p>Em tempos em que ideologias secularizantes infiltram-se sorrateiramente nas igrejas, N\u00e3o existe crist\u00e3 feminista ergue-se como um chamado urgente \u00e0&hellip;<\/p>\n","protected":false},"featured_media":342600,"comment_status":"open","ping_status":"closed","template":"","meta":[],"product_cat":[191,134],"product_tag":[],"_links":{"self":[{"href":"https:\/\/www.livrariarema.com.br\/loja\/wp-json\/wp\/v2\/product\/342428"}],"collection":[{"href":"https:\/\/www.livrariarema.com.br\/loja\/wp-json\/wp\/v2\/product"}],"about":[{"href":"https:\/\/www.livrariarema.com.br\/loja\/wp-json\/wp\/v2\/types\/product"}],"replies":[{"embeddable":true,"href":"https:\/\/www.livrariarema.com.br\/loja\/wp-json\/wp\/v2\/comments?post=342428"}],"wp:featuredmedia":[{"embeddable":true,"href":"https:\/\/www.livrariarema.com.br\/loja\/wp-json\/wp\/v2\/media\/342600"}],"wp:attachment":[{"href":"https:\/\/www.livrariarema.com.br\/loja\/wp-json\/wp\/v2\/media?parent=342428"}],"wp:term":[{"taxonomy":"product_cat","embeddable":true,"href":"https:\/\/www.livrariarema.com.br\/loja\/wp-json\/wp\/v2\/product_cat?post=342428"},{"taxonomy":"product_tag","embeddable":true,"href":"https:\/\/www.livrariarema.com.br\/loja\/wp-json\/wp\/v2\/product_tag?post=342428"}],"curies":[{"name":"wp","href":"https:\/\/api.w.org\/{rel}","templated":true}]}}