{"id":342445,"date":"2025-12-13T12:31:15","date_gmt":"2025-12-13T15:31:15","guid":{"rendered":"https:\/\/www.livrariarema.com.br\/loja\/produtos\/sem categoria\/biblia-mulheres-naa-viviane-martinello-folhas-caramelo\/"},"modified":"2025-12-13T12:31:19","modified_gmt":"2025-12-13T15:31:19","slug":"biblia-mulheres-naa-viviane-martinello-folhas-caramelo","status":"publish","type":"product","link":"https:\/\/www.livrariarema.com.br\/loja\/produtos\/biblias\/nova-almeida-atualizada\/biblia-mulheres-naa-viviane-martinello-folhas-caramelo\/","title":{"rendered":"Biblia Mulheres &#8211; Naa &#8211; Viviane Martinello &#8211; Folhas Caramelo"},"content":{"rendered":"<p>A B\u00edblia Mulheres, uma edi\u00e7\u00e3o cuidadosamente elaborada pela pastora Viviane Martinello, re\u00fane caracter\u00edsticas essenciais: espa\u00e7os para anota\u00e7\u00f5es, mapas mentais, textos introdut\u00f3rios, frases para reflex\u00e3o e o tamanho de fonte ideal, para que voc\u00ea a carregue sempre consigo.<\/p>\n<p>Desfrute de cada linha com a certeza de que, enquanto l\u00ea e medita na Palavra, o Pai permanece ao seu lado. Que esta B\u00edblia seja a sua amiga \u00edntima e lhe acompanhe na jornada mais importante de sua vida: conhecer a Cristo.<\/p>\n<p>A B\u00edblia Mulheres inclui:<br \/>\n&#8211; Texto em 1 coluna com espa\u00e7os para anota\u00e7\u00f5es<br \/>\n&#8211; Introdu\u00e7\u00f5es \u00e0s distintas se\u00e7\u00f5es da B\u00edblia<br \/>\n&#8211; Palavras de Jesus destacadas<br \/>\n&#8211; Mapas mentais em cada livro<\/p>\n","protected":false},"excerpt":{"rendered":"<p>A B\u00edblia Mulheres, uma edi\u00e7\u00e3o cuidadosamente elaborada pela pastora Viviane Martinello, re\u00fane caracter\u00edsticas essenciais: espa\u00e7os para anota\u00e7\u00f5es, mapas mentais, textos&hellip;<\/p>\n","protected":false},"featured_media":342444,"comment_status":"open","ping_status":"closed","template":"","meta":[],"product_cat":[139,174],"product_tag":[],"_links":{"self":[{"href":"https:\/\/www.livrariarema.com.br\/loja\/wp-json\/wp\/v2\/product\/342445"}],"collection":[{"href":"https:\/\/www.livrariarema.com.br\/loja\/wp-json\/wp\/v2\/product"}],"about":[{"href":"https:\/\/www.livrariarema.com.br\/loja\/wp-json\/wp\/v2\/types\/product"}],"replies":[{"embeddable":true,"href":"https:\/\/www.livrariarema.com.br\/loja\/wp-json\/wp\/v2\/comments?post=342445"}],"wp:featuredmedia":[{"embeddable":true,"href":"https:\/\/www.livrariarema.com.br\/loja\/wp-json\/wp\/v2\/media\/342444"}],"wp:attachment":[{"href":"https:\/\/www.livrariarema.com.br\/loja\/wp-json\/wp\/v2\/media?parent=342445"}],"wp:term":[{"taxonomy":"product_cat","embeddable":true,"href":"https:\/\/www.livrariarema.com.br\/loja\/wp-json\/wp\/v2\/product_cat?post=342445"},{"taxonomy":"product_tag","embeddable":true,"href":"https:\/\/www.livrariarema.com.br\/loja\/wp-json\/wp\/v2\/product_tag?post=342445"}],"curies":[{"name":"wp","href":"https:\/\/api.w.org\/{rel}","templated":true}]}}