{"id":342473,"date":"2025-12-13T12:33:17","date_gmt":"2025-12-13T15:33:17","guid":{"rendered":"https:\/\/www.livrariarema.com.br\/loja\/produtos\/sem categoria\/biblia-nvi-letra-grande-marrom\/"},"modified":"2026-03-27T18:32:00","modified_gmt":"2026-03-27T21:32:00","slug":"biblia-nvi-letra-grande-marrom","status":"publish","type":"product","link":"https:\/\/www.livrariarema.com.br\/loja\/produtos\/biblias\/nvi\/biblia-nvi-letra-grande-marrom\/","title":{"rendered":"B\u00edblia &#8211; Nvi &#8211; Letra Grande &#8211; Marrom"},"content":{"rendered":"<p>Descubra a B\u00edblia que torna a leitura mais leve. Com mapas mentais que trazem um panorama de cada livro, ela ajuda voc\u00ea a compreender os textos b\u00edblicos de forma simples e eficaz. As palavras de Jesus s\u00e3o destacadas para que voc\u00ea se atente especialmente aos ensinos do Mestre. Tudo nesta B\u00edblia foi pensado para enriquecer sua jornada espiritual.<\/p>\n<p>A B\u00edblia Sagrada Letra Grande NVI inclui:<br \/>\n&#8211; Palavras de Jesus destacadas<br \/>\n&#8211; Mapas mentais em cada livro<br \/>\n&#8211; Notas de rodap\u00e9<\/p>\n","protected":false},"excerpt":{"rendered":"<p>Descubra a B\u00edblia que torna a leitura mais leve. Com mapas mentais que trazem um panorama de cada livro, ela&hellip;<\/p>\n","protected":false},"featured_media":345899,"comment_status":"open","ping_status":"closed","template":"","meta":[],"product_cat":[139,166],"product_tag":[],"_links":{"self":[{"href":"https:\/\/www.livrariarema.com.br\/loja\/wp-json\/wp\/v2\/product\/342473"}],"collection":[{"href":"https:\/\/www.livrariarema.com.br\/loja\/wp-json\/wp\/v2\/product"}],"about":[{"href":"https:\/\/www.livrariarema.com.br\/loja\/wp-json\/wp\/v2\/types\/product"}],"replies":[{"embeddable":true,"href":"https:\/\/www.livrariarema.com.br\/loja\/wp-json\/wp\/v2\/comments?post=342473"}],"wp:featuredmedia":[{"embeddable":true,"href":"https:\/\/www.livrariarema.com.br\/loja\/wp-json\/wp\/v2\/media\/345899"}],"wp:attachment":[{"href":"https:\/\/www.livrariarema.com.br\/loja\/wp-json\/wp\/v2\/media?parent=342473"}],"wp:term":[{"taxonomy":"product_cat","embeddable":true,"href":"https:\/\/www.livrariarema.com.br\/loja\/wp-json\/wp\/v2\/product_cat?post=342473"},{"taxonomy":"product_tag","embeddable":true,"href":"https:\/\/www.livrariarema.com.br\/loja\/wp-json\/wp\/v2\/product_tag?post=342473"}],"curies":[{"name":"wp","href":"https:\/\/api.w.org\/{rel}","templated":true}]}}