{"id":342491,"date":"2025-12-13T12:34:24","date_gmt":"2025-12-13T15:34:24","guid":{"rendered":"https:\/\/www.livrariarema.com.br\/loja\/produtos\/sem categoria\/biblia-nvi-letra-gigante-vinho\/"},"modified":"2025-12-16T14:01:03","modified_gmt":"2025-12-16T17:01:03","slug":"biblia-nvi-letra-gigante-vinho","status":"publish","type":"product","link":"https:\/\/www.livrariarema.com.br\/loja\/produtos\/biblias\/nvi\/biblia-nvi-letra-gigante-vinho\/","title":{"rendered":"B\u00edblia &#8211; Nvi &#8211; Letra Gigante &#8211; Vinho"},"content":{"rendered":"<p>Descubra a B\u00edblia que torna a leitura mais leve. Com mapas mentais que trazem um panorama de cada livro, ela ajuda voc\u00ea a compreender os textos b\u00edblicos de forma simples e eficaz. As palavras de Jesus s\u00e3o destacadas para que voc\u00ea se atente especialmente aos ensinos do Mestre. Tudo nesta B\u00edblia foi pensado para enriquecer sua jornada espiritual.<\/p>\n<p>A B\u00edblia Sagrada Letra Gigante NVI inclui:<br \/>\n&#8211; Palavras de Jesus destacadas<br \/>\n&#8211; Mapas mentais em cada livro<br \/>\n&#8211; Notas de rodap\u00e9<\/p>\n","protected":false},"excerpt":{"rendered":"<p>Descubra a B\u00edblia que torna a leitura mais leve. Com mapas mentais que trazem um panorama de cada livro, ela&hellip;<\/p>\n","protected":false},"featured_media":342572,"comment_status":"open","ping_status":"closed","template":"","meta":[],"product_cat":[139,166],"product_tag":[],"_links":{"self":[{"href":"https:\/\/www.livrariarema.com.br\/loja\/wp-json\/wp\/v2\/product\/342491"}],"collection":[{"href":"https:\/\/www.livrariarema.com.br\/loja\/wp-json\/wp\/v2\/product"}],"about":[{"href":"https:\/\/www.livrariarema.com.br\/loja\/wp-json\/wp\/v2\/types\/product"}],"replies":[{"embeddable":true,"href":"https:\/\/www.livrariarema.com.br\/loja\/wp-json\/wp\/v2\/comments?post=342491"}],"wp:featuredmedia":[{"embeddable":true,"href":"https:\/\/www.livrariarema.com.br\/loja\/wp-json\/wp\/v2\/media\/342572"}],"wp:attachment":[{"href":"https:\/\/www.livrariarema.com.br\/loja\/wp-json\/wp\/v2\/media?parent=342491"}],"wp:term":[{"taxonomy":"product_cat","embeddable":true,"href":"https:\/\/www.livrariarema.com.br\/loja\/wp-json\/wp\/v2\/product_cat?post=342491"},{"taxonomy":"product_tag","embeddable":true,"href":"https:\/\/www.livrariarema.com.br\/loja\/wp-json\/wp\/v2\/product_tag?post=342491"}],"curies":[{"name":"wp","href":"https:\/\/api.w.org\/{rel}","templated":true}]}}