{"id":342513,"date":"2025-12-13T12:36:00","date_gmt":"2025-12-13T15:36:00","guid":{"rendered":"https:\/\/www.livrariarema.com.br\/loja\/produtos\/sem categoria\/ainda-somos-nos-andre-costa-e-chelsey-costa\/"},"modified":"2026-03-30T12:31:46","modified_gmt":"2026-03-30T15:31:46","slug":"ainda-somos-nos-andre-costa-e-chelsey-costa","status":"publish","type":"product","link":"https:\/\/www.livrariarema.com.br\/loja\/produtos\/livros\/vida-crista\/ainda-somos-nos-andre-costa-e-chelsey-costa\/","title":{"rendered":"Ainda Somos N\u00f3s &#8211; Andr\u00e9 Costa E Chelsey Costa"},"content":{"rendered":"<p>N\u00e3o desista! N\u00e3o se conforme! Viva um casamento pleno e significativo!<\/p>\n<p>Depois de mais de uma d\u00e9cada de casamento e de sete filhos, os autores Andr\u00e9 e Chelsey apresentam uma obra instigante, alicer\u00e7ada em sua pr\u00f3pria jornada e em fundamentos s\u00f3lidos da B\u00edblia. Eles mostram que a vida a dois, mesmo ap\u00f3s a chegada dos filhos, pode ser rica, prazerosa e cheia de sentido.<\/p>\n<p>Dividido em tr\u00eas partes, este livro:<br \/>\n&#8211; Identifica os principais choques que muitos casais enfrentam ao se tornarem pais e explica por que o div\u00f3rcio, muitas vezes, n\u00e3o resolve, mas aprofunda os problemas.<br \/>\n&#8211; Analisa os cinco prop\u00f3sitos do casamento \u00e0 luz da f\u00e9 crist\u00e3 (amizade, servi\u00e7o, sexualidade, fecundidade e santifica\u00e7\u00e3o), mostrando que viv\u00ea-los \u00e9 essencial para um matrim\u00f4nio firme e florescente.<br \/>\n&#8211; Traz orienta\u00e7\u00f5es sobre os pap\u00e9is de marido e esposa, resolu\u00e7\u00e3o de conflitos com sabedoria, cultivo do perd\u00e3o, administra\u00e7\u00e3o das finan\u00e7as e organiza\u00e7\u00e3o da rotina familiar, sem perder a leveza e a intimidade.<\/p>\n<p>Permanecer casado ap\u00f3s a chegada dos filhos \u00e9 um desafio real, mas h\u00e1 esperan\u00e7a! A gra\u00e7a de Deus se revela ainda mais abundante quando casais decidem, com f\u00e9, priorizar o casamento enquanto criam seus filhos.<\/p>\n","protected":false},"excerpt":{"rendered":"<p>N\u00e3o desista! N\u00e3o se conforme! Viva um casamento pleno e significativo! Depois de mais de uma d\u00e9cada de casamento e&hellip;<\/p>\n","protected":false},"featured_media":346791,"comment_status":"open","ping_status":"closed","template":"","meta":[],"product_cat":[134,137],"product_tag":[],"_links":{"self":[{"href":"https:\/\/www.livrariarema.com.br\/loja\/wp-json\/wp\/v2\/product\/342513"}],"collection":[{"href":"https:\/\/www.livrariarema.com.br\/loja\/wp-json\/wp\/v2\/product"}],"about":[{"href":"https:\/\/www.livrariarema.com.br\/loja\/wp-json\/wp\/v2\/types\/product"}],"replies":[{"embeddable":true,"href":"https:\/\/www.livrariarema.com.br\/loja\/wp-json\/wp\/v2\/comments?post=342513"}],"wp:featuredmedia":[{"embeddable":true,"href":"https:\/\/www.livrariarema.com.br\/loja\/wp-json\/wp\/v2\/media\/346791"}],"wp:attachment":[{"href":"https:\/\/www.livrariarema.com.br\/loja\/wp-json\/wp\/v2\/media?parent=342513"}],"wp:term":[{"taxonomy":"product_cat","embeddable":true,"href":"https:\/\/www.livrariarema.com.br\/loja\/wp-json\/wp\/v2\/product_cat?post=342513"},{"taxonomy":"product_tag","embeddable":true,"href":"https:\/\/www.livrariarema.com.br\/loja\/wp-json\/wp\/v2\/product_tag?post=342513"}],"curies":[{"name":"wp","href":"https:\/\/api.w.org\/{rel}","templated":true}]}}