{"id":342517,"date":"2025-12-13T12:36:17","date_gmt":"2025-12-13T15:36:17","guid":{"rendered":"https:\/\/www.livrariarema.com.br\/loja\/produtos\/sem categoria\/tudo-o-que-voce-precisa-saber-sobre-a-volta-de-jesus-david-augusto\/"},"modified":"2026-03-27T10:21:57","modified_gmt":"2026-03-27T13:21:57","slug":"tudo-o-que-voce-precisa-saber-sobre-a-volta-de-jesus-david-augusto","status":"publish","type":"product","link":"https:\/\/www.livrariarema.com.br\/loja\/produtos\/livros\/apologetica\/tudo-o-que-voce-precisa-saber-sobre-a-volta-de-jesus-david-augusto\/","title":{"rendered":"Tudo O Que Voc\u00ea Precisa Saber Sobre A Volta De Jesus &#8211; David Augusto"},"content":{"rendered":"<p>Por muito tempo, a volta de Jesus foi tratada como um detalhe teol\u00f3gico, um assunto reservado a estudiosos ou fan\u00e1ticos. Hoje, em meio a guerras, pandemias, crises morais e espirituais, essa promessa ganha urg\u00eancia.<\/p>\n<p>Tudo o que voc\u00ea precisa saber sobre a volta de Jesus \u00e9 um chamado \u00e0 consci\u00eancia espiritual. Com profundidade b\u00edblica e uma linguagem acess\u00edvel, o bispo David Augusto conduz o leitor por uma jornada reveladora atrav\u00e9s das profecias, dos sinais do fim dos tempos e do plano redentor de Deus para a humanidade.<\/p>\n<p>Neste livro, voc\u00ea entender\u00e1 por que muitos crist\u00e3os deixaram de esperar o Rei, e o pre\u00e7o que isso cobra; o que a B\u00edblia realmente diz a respeito do arrebatamento, do anticristo, da grande tribula\u00e7\u00e3o e do Mil\u00eanio; o papel prof\u00e9tico de Israel na reta final da hist\u00f3ria.<\/p>\n<p>Este livro foi escrito para aqueles que n\u00e3o se contentam com um cristianismo raso, mas desejam viver com os olhos fixos na Eternidade. Uma leitura que desperta, confronta e renova a esperan\u00e7a. Porque a f\u00e9 crist\u00e3 n\u00e3o termina na cruz, mas aponta para a volta do Rei, que vir\u00e1 como Le\u00e3o, Juiz e Senhor.<\/p>\n<p>A Hist\u00f3ria est\u00e1 chegando ao cl\u00edmax. O rel\u00f3gio prof\u00e9tico est\u00e1 em contagem regressiva. E a pergunta que resta \u00e9: voc\u00ea estar\u00e1 pronto quando Jesus voltar?<\/p>\n","protected":false},"excerpt":{"rendered":"<p>Por muito tempo, a volta de Jesus foi tratada como um detalhe teol\u00f3gico, um assunto reservado a estudiosos ou fan\u00e1ticos.&hellip;<\/p>\n","protected":false},"featured_media":345935,"comment_status":"open","ping_status":"closed","template":"","meta":[],"product_cat":[156,134],"product_tag":[],"_links":{"self":[{"href":"https:\/\/www.livrariarema.com.br\/loja\/wp-json\/wp\/v2\/product\/342517"}],"collection":[{"href":"https:\/\/www.livrariarema.com.br\/loja\/wp-json\/wp\/v2\/product"}],"about":[{"href":"https:\/\/www.livrariarema.com.br\/loja\/wp-json\/wp\/v2\/types\/product"}],"replies":[{"embeddable":true,"href":"https:\/\/www.livrariarema.com.br\/loja\/wp-json\/wp\/v2\/comments?post=342517"}],"wp:featuredmedia":[{"embeddable":true,"href":"https:\/\/www.livrariarema.com.br\/loja\/wp-json\/wp\/v2\/media\/345935"}],"wp:attachment":[{"href":"https:\/\/www.livrariarema.com.br\/loja\/wp-json\/wp\/v2\/media?parent=342517"}],"wp:term":[{"taxonomy":"product_cat","embeddable":true,"href":"https:\/\/www.livrariarema.com.br\/loja\/wp-json\/wp\/v2\/product_cat?post=342517"},{"taxonomy":"product_tag","embeddable":true,"href":"https:\/\/www.livrariarema.com.br\/loja\/wp-json\/wp\/v2\/product_tag?post=342517"}],"curies":[{"name":"wp","href":"https:\/\/api.w.org\/{rel}","templated":true}]}}