{"id":342519,"date":"2025-12-13T12:36:27","date_gmt":"2025-12-13T15:36:27","guid":{"rendered":"https:\/\/www.livrariarema.com.br\/loja\/produtos\/sem categoria\/meu-devocional-diario\/"},"modified":"2026-02-21T11:50:42","modified_gmt":"2026-02-21T14:50:42","slug":"meu-devocional-diario","status":"publish","type":"product","link":"https:\/\/www.livrariarema.com.br\/loja\/produtos\/livros\/devocional\/meu-devocional-diario\/","title":{"rendered":"Meu Devocional Di\u00e1rio"},"content":{"rendered":"<p>Comece cada dia em comunh\u00e3o com Deus e renove sua f\u00e9 com palavras que transformam. Em Meu devocional di\u00e1rio, pastores de todo o Brasil se uniram para gui\u00e1-lo em uma jornada de 365 dias de intimidade com o Senhor, por meio de um vers\u00edculo, uma reflex\u00e3o e uma declara\u00e7\u00e3o de f\u00e9 baseados na Palavra.<\/p>\n<p>Este devocional convida voc\u00ea a iniciar um novo ano com um compromisso mais profundo com o Senhor. Desenvolva o h\u00e1bito di\u00e1rio de meditar nas Escrituras, fortale\u00e7a sua vida espiritual e descubra como a devo\u00e7\u00e3o constante pode transformar seu relacionamento com Deus e o rumo da sua caminhada crist\u00e3.<\/p>\n","protected":false},"excerpt":{"rendered":"<p>Comece cada dia em comunh\u00e3o com Deus e renove sua f\u00e9 com palavras que transformam. Em Meu devocional di\u00e1rio, pastores&hellip;<\/p>\n","protected":false},"featured_media":342612,"comment_status":"open","ping_status":"closed","template":"","meta":[],"product_cat":[158,134],"product_tag":[],"_links":{"self":[{"href":"https:\/\/www.livrariarema.com.br\/loja\/wp-json\/wp\/v2\/product\/342519"}],"collection":[{"href":"https:\/\/www.livrariarema.com.br\/loja\/wp-json\/wp\/v2\/product"}],"about":[{"href":"https:\/\/www.livrariarema.com.br\/loja\/wp-json\/wp\/v2\/types\/product"}],"replies":[{"embeddable":true,"href":"https:\/\/www.livrariarema.com.br\/loja\/wp-json\/wp\/v2\/comments?post=342519"}],"wp:featuredmedia":[{"embeddable":true,"href":"https:\/\/www.livrariarema.com.br\/loja\/wp-json\/wp\/v2\/media\/342612"}],"wp:attachment":[{"href":"https:\/\/www.livrariarema.com.br\/loja\/wp-json\/wp\/v2\/media?parent=342519"}],"wp:term":[{"taxonomy":"product_cat","embeddable":true,"href":"https:\/\/www.livrariarema.com.br\/loja\/wp-json\/wp\/v2\/product_cat?post=342519"},{"taxonomy":"product_tag","embeddable":true,"href":"https:\/\/www.livrariarema.com.br\/loja\/wp-json\/wp\/v2\/product_tag?post=342519"}],"curies":[{"name":"wp","href":"https:\/\/api.w.org\/{rel}","templated":true}]}}