{"id":342773,"date":"2026-01-08T10:35:25","date_gmt":"2026-01-08T13:35:25","guid":{"rendered":"https:\/\/www.livrariarema.com.br\/loja\/produtos\/sem categoria\/biblia-e-minha-melhor-amiga-a-oracoes-em-familia-sheila-walsh\/"},"modified":"2026-04-22T17:11:41","modified_gmt":"2026-04-22T20:11:41","slug":"biblia-e-minha-melhor-amiga-a-oracoes-em-familia-sheila-walsh","status":"publish","type":"product","link":"https:\/\/www.livrariarema.com.br\/loja\/produtos\/livros\/infantil-biblia\/biblia-e-minha-melhor-amiga-a-oracoes-em-familia-sheila-walsh\/","title":{"rendered":"B\u00edblia \u00c9 Minha Melhor Amiga, A &#8211; Ora\u00e7\u00f5es Em Fam\u00edlia &#8211; Sheila Walsh"},"content":{"rendered":"<p>\u00c9 hora de conhecer sua nova melhor amiga: a B\u00edblia!<\/p>\n<p>Trabalho, escola, li\u00e7\u00f5es de casa, tarefas dom\u00e9sticas, festas de anivers\u00e1rio. Mesmo que as fam\u00edlias queiram, nem sempre sobra tempo para a Palavra de Deus ou para simplesmente estar uns com os outros. Mas estudar a B\u00edblia juntos pode gerar momentos valiosos e \u00e9 por esse motivo que a autora best seller Sheila Walsh apresenta esse devocional.<\/p>\n<p>A B\u00edblia \u00e9 minha melhor amiga oferece 52 devocionais para toda a fam\u00edlia, um para cada semana do ano. Com vers\u00edculos para memorizar, ca\u00e7as ao tesouro, desafios semanais e uma boa dose de divers\u00e3o, voc\u00eas v\u00e3o ler, aprender e rir juntos. A cada dia, v\u00e3o perceber que a B\u00edblia \u00e9 uma forma de conhecer o amor de Deus por voc\u00eas, al\u00e9m de servir de guia e consolo, em todas as etapas da vida. Mais importante, ao prosseguir com a leitura, as fam\u00edlias descobrir\u00e3o uma mensagem essencial: tanto para o adulto como para a crian\u00e7a, a B\u00edblia \u00e9 a melhor amiga.<\/p>\n","protected":false},"excerpt":{"rendered":"<p>\u00c9 hora de conhecer sua nova melhor amiga: a B\u00edblia! Trabalho, escola, li\u00e7\u00f5es de casa, tarefas dom\u00e9sticas, festas de anivers\u00e1rio.&hellip;<\/p>\n","protected":false},"featured_media":347071,"comment_status":"open","ping_status":"closed","template":"","meta":[],"product_cat":[165,134],"product_tag":[],"_links":{"self":[{"href":"https:\/\/www.livrariarema.com.br\/loja\/wp-json\/wp\/v2\/product\/342773"}],"collection":[{"href":"https:\/\/www.livrariarema.com.br\/loja\/wp-json\/wp\/v2\/product"}],"about":[{"href":"https:\/\/www.livrariarema.com.br\/loja\/wp-json\/wp\/v2\/types\/product"}],"replies":[{"embeddable":true,"href":"https:\/\/www.livrariarema.com.br\/loja\/wp-json\/wp\/v2\/comments?post=342773"}],"wp:featuredmedia":[{"embeddable":true,"href":"https:\/\/www.livrariarema.com.br\/loja\/wp-json\/wp\/v2\/media\/347071"}],"wp:attachment":[{"href":"https:\/\/www.livrariarema.com.br\/loja\/wp-json\/wp\/v2\/media?parent=342773"}],"wp:term":[{"taxonomy":"product_cat","embeddable":true,"href":"https:\/\/www.livrariarema.com.br\/loja\/wp-json\/wp\/v2\/product_cat?post=342773"},{"taxonomy":"product_tag","embeddable":true,"href":"https:\/\/www.livrariarema.com.br\/loja\/wp-json\/wp\/v2\/product_tag?post=342773"}],"curies":[{"name":"wp","href":"https:\/\/api.w.org\/{rel}","templated":true}]}}