{"id":342816,"date":"2026-01-13T12:04:47","date_gmt":"2026-01-13T15:04:47","guid":{"rendered":"https:\/\/www.livrariarema.com.br\/loja\/produtos\/sem categoria\/socorro-estou-casado-joyce-meyer\/"},"modified":"2026-01-13T12:04:50","modified_gmt":"2026-01-13T15:04:50","slug":"socorro-estou-casado-joyce-meyer","status":"publish","type":"product","link":"https:\/\/www.livrariarema.com.br\/loja\/produtos\/livros\/casamento\/socorro-estou-casado-joyce-meyer\/","title":{"rendered":"Socorro, Estou Casado! &#8211; Joyce Meyer"},"content":{"rendered":"<p>Com Deus, Nunca \u00e9 Tarde Demais para Melhorar o Seu Casamento Muitas pessoas entram em um casamento porque esperam que a outra pessoa fa\u00e7a algo por elas, lhes d\u00ea alguma coisa, seja respons\u00e1vel por  faz\u00ea-la feliz . Contudo, precisamos ver o casamento do ponto de vista de dar e n\u00e3o de receber. Quando cada parceiro se dedica totalmente a pensar  o que posso fazer por voc\u00ea? , cada um deles receber\u00e1 tudo o que deseja  e muito mais. A B\u00edblia diz:  \u00c9 mais bem-aventurado dar do que receber (Atos 20:35). E a respeito do casamento:  Digno de honra entre todos seja o matrim\u00f4nio (Hebreus 13:4). Um bom casamento n\u00e3o acontece por acaso, n\u00e3o importa o quanto voc\u00ea estava desesperadamente apaixonado quando se casou. Voc\u00ea precisa ser criativo. Aprenda o que a Palavra diz e pratique. N\u00e3o h\u00e1 nada melhor que um casamento realmente maravilhoso e n\u00e3o h\u00e1 nada pior que um casamento ruim. Descubra como semear b\u00ean\u00e7\u00e3os e felicidade no seu casamento. Fa\u00e7a isso e voc\u00ea trar\u00e1 grandes vit\u00f3rias para o seu lar maiores do que voc\u00ea pode imaginar.<\/p>\n","protected":false},"excerpt":{"rendered":"<p>Com Deus, Nunca \u00e9 Tarde Demais para Melhorar o Seu Casamento Muitas pessoas entram em um casamento porque esperam que&hellip;<\/p>\n","protected":false},"featured_media":342815,"comment_status":"open","ping_status":"closed","template":"","meta":[],"product_cat":[155,134],"product_tag":[],"_links":{"self":[{"href":"https:\/\/www.livrariarema.com.br\/loja\/wp-json\/wp\/v2\/product\/342816"}],"collection":[{"href":"https:\/\/www.livrariarema.com.br\/loja\/wp-json\/wp\/v2\/product"}],"about":[{"href":"https:\/\/www.livrariarema.com.br\/loja\/wp-json\/wp\/v2\/types\/product"}],"replies":[{"embeddable":true,"href":"https:\/\/www.livrariarema.com.br\/loja\/wp-json\/wp\/v2\/comments?post=342816"}],"wp:featuredmedia":[{"embeddable":true,"href":"https:\/\/www.livrariarema.com.br\/loja\/wp-json\/wp\/v2\/media\/342815"}],"wp:attachment":[{"href":"https:\/\/www.livrariarema.com.br\/loja\/wp-json\/wp\/v2\/media?parent=342816"}],"wp:term":[{"taxonomy":"product_cat","embeddable":true,"href":"https:\/\/www.livrariarema.com.br\/loja\/wp-json\/wp\/v2\/product_cat?post=342816"},{"taxonomy":"product_tag","embeddable":true,"href":"https:\/\/www.livrariarema.com.br\/loja\/wp-json\/wp\/v2\/product_tag?post=342816"}],"curies":[{"name":"wp","href":"https:\/\/api.w.org\/{rel}","templated":true}]}}