{"id":342972,"date":"2026-01-20T11:10:57","date_gmt":"2026-01-20T14:10:57","guid":{"rendered":"https:\/\/www.livrariarema.com.br\/loja\/produtos\/sem categoria\/estojo-lego-plastico-com-minifigura\/"},"modified":"2026-04-04T11:11:43","modified_gmt":"2026-04-04T14:11:43","slug":"estojo-lego-plastico-com-minifigura","status":"publish","type":"product","link":"https:\/\/www.livrariarema.com.br\/loja\/produtos\/papelaria\/estojo\/estojo-lego-plastico-com-minifigura\/","title":{"rendered":"Estojo &#8211; Lego &#8211; Pl\u00e1stico &#8211; Com Minifigura"},"content":{"rendered":"<p>Leve o universo LEGO\u00ae para a sua rotina! Este estojo n\u00e3o \u00e9 apenas um organizador, \u00e9 um item colecion\u00e1vel que transforma sua mesa de estudos ou trabalho. Com um boneco LEGO\u00ae exclusivo fixado no design, ele une personalidade e praticidade em um s\u00f3 lugar.<\/p>\n","protected":false},"excerpt":{"rendered":"<p>Leve o universo LEGO\u00ae para a sua rotina! Este estojo n\u00e3o \u00e9 apenas um organizador, \u00e9 um item colecion\u00e1vel que&hellip;<\/p>\n","protected":false},"featured_media":343004,"comment_status":"open","ping_status":"closed","template":"","meta":[],"product_cat":[253,215],"product_tag":[],"_links":{"self":[{"href":"https:\/\/www.livrariarema.com.br\/loja\/wp-json\/wp\/v2\/product\/342972"}],"collection":[{"href":"https:\/\/www.livrariarema.com.br\/loja\/wp-json\/wp\/v2\/product"}],"about":[{"href":"https:\/\/www.livrariarema.com.br\/loja\/wp-json\/wp\/v2\/types\/product"}],"replies":[{"embeddable":true,"href":"https:\/\/www.livrariarema.com.br\/loja\/wp-json\/wp\/v2\/comments?post=342972"}],"wp:featuredmedia":[{"embeddable":true,"href":"https:\/\/www.livrariarema.com.br\/loja\/wp-json\/wp\/v2\/media\/343004"}],"wp:attachment":[{"href":"https:\/\/www.livrariarema.com.br\/loja\/wp-json\/wp\/v2\/media?parent=342972"}],"wp:term":[{"taxonomy":"product_cat","embeddable":true,"href":"https:\/\/www.livrariarema.com.br\/loja\/wp-json\/wp\/v2\/product_cat?post=342972"},{"taxonomy":"product_tag","embeddable":true,"href":"https:\/\/www.livrariarema.com.br\/loja\/wp-json\/wp\/v2\/product_tag?post=342972"}],"curies":[{"name":"wp","href":"https:\/\/api.w.org\/{rel}","templated":true}]}}