{"id":342974,"date":"2026-01-20T11:11:02","date_gmt":"2026-01-20T14:11:02","guid":{"rendered":"https:\/\/www.livrariarema.com.br\/loja\/produtos\/sem categoria\/regua-lego-plastica-com-minifigura\/"},"modified":"2026-04-04T11:11:32","modified_gmt":"2026-04-04T14:11:32","slug":"regua-lego-plastica-com-minifigura","status":"publish","type":"product","link":"https:\/\/www.livrariarema.com.br\/loja\/produtos\/papelaria\/regua\/regua-lego-plastica-com-minifigura\/","title":{"rendered":"R\u00e9gua &#8211; Lego &#8211; Pl\u00e1stica &#8211; Com Minifigura"},"content":{"rendered":"<p>A R\u00e9gua Pl\u00e1stica com Boneco LEGO \u00e9 perfeita para quem ama papelaria criativa e divertida. Com design inspirado no universo LEGO e boneco decorativo, ela transforma a rotina de estudos e organiza\u00e7\u00e3o em algo muito mais alegre e personalizado.<\/p>\n","protected":false},"excerpt":{"rendered":"<p>A R\u00e9gua Pl\u00e1stica com Boneco LEGO \u00e9 perfeita para quem ama papelaria criativa e divertida. Com design inspirado no universo&hellip;<\/p>\n","protected":false},"featured_media":343005,"comment_status":"open","ping_status":"closed","template":"","meta":[],"product_cat":[215,265],"product_tag":[],"_links":{"self":[{"href":"https:\/\/www.livrariarema.com.br\/loja\/wp-json\/wp\/v2\/product\/342974"}],"collection":[{"href":"https:\/\/www.livrariarema.com.br\/loja\/wp-json\/wp\/v2\/product"}],"about":[{"href":"https:\/\/www.livrariarema.com.br\/loja\/wp-json\/wp\/v2\/types\/product"}],"replies":[{"embeddable":true,"href":"https:\/\/www.livrariarema.com.br\/loja\/wp-json\/wp\/v2\/comments?post=342974"}],"wp:featuredmedia":[{"embeddable":true,"href":"https:\/\/www.livrariarema.com.br\/loja\/wp-json\/wp\/v2\/media\/343005"}],"wp:attachment":[{"href":"https:\/\/www.livrariarema.com.br\/loja\/wp-json\/wp\/v2\/media?parent=342974"}],"wp:term":[{"taxonomy":"product_cat","embeddable":true,"href":"https:\/\/www.livrariarema.com.br\/loja\/wp-json\/wp\/v2\/product_cat?post=342974"},{"taxonomy":"product_tag","embeddable":true,"href":"https:\/\/www.livrariarema.com.br\/loja\/wp-json\/wp\/v2\/product_tag?post=342974"}],"curies":[{"name":"wp","href":"https:\/\/api.w.org\/{rel}","templated":true}]}}