{"id":342982,"date":"2026-01-20T11:11:28","date_gmt":"2026-01-20T14:11:28","guid":{"rendered":"https:\/\/www.livrariarema.com.br\/loja\/produtos\/sem categoria\/lapiseira-lego-0-7mm-com-minifigura\/"},"modified":"2026-04-09T15:44:10","modified_gmt":"2026-04-09T18:44:10","slug":"lapiseira-lego-0-7mm-com-minifigura","status":"publish","type":"product","link":"https:\/\/www.livrariarema.com.br\/loja\/produtos\/papelaria\/lapiseira\/lapiseira-lego-0-7mm-com-minifigura\/","title":{"rendered":"Lapiseira &#8211; Lego &#8211; 0.7Mm &#8211; Com Minifigura"},"content":{"rendered":"<p>Eleve o n\u00edvel da sua escrita com a Lapiseira LEGO\u00ae Oficial. Unindo a precis\u00e3o do grafite 0.7mm com o design ic\u00f4nico que voc\u00ea ama, ela \u00e9 a escolha perfeita para quem busca estilo e funcionalidade no dia a dia.<\/p>\n","protected":false},"excerpt":{"rendered":"<p>Eleve o n\u00edvel da sua escrita com a Lapiseira LEGO\u00ae Oficial. Unindo a precis\u00e3o do grafite 0.7mm com o design&hellip;<\/p>\n","protected":false},"featured_media":343009,"comment_status":"open","ping_status":"closed","template":"","meta":[],"product_cat":[276,215],"product_tag":[],"_links":{"self":[{"href":"https:\/\/www.livrariarema.com.br\/loja\/wp-json\/wp\/v2\/product\/342982"}],"collection":[{"href":"https:\/\/www.livrariarema.com.br\/loja\/wp-json\/wp\/v2\/product"}],"about":[{"href":"https:\/\/www.livrariarema.com.br\/loja\/wp-json\/wp\/v2\/types\/product"}],"replies":[{"embeddable":true,"href":"https:\/\/www.livrariarema.com.br\/loja\/wp-json\/wp\/v2\/comments?post=342982"}],"wp:featuredmedia":[{"embeddable":true,"href":"https:\/\/www.livrariarema.com.br\/loja\/wp-json\/wp\/v2\/media\/343009"}],"wp:attachment":[{"href":"https:\/\/www.livrariarema.com.br\/loja\/wp-json\/wp\/v2\/media?parent=342982"}],"wp:term":[{"taxonomy":"product_cat","embeddable":true,"href":"https:\/\/www.livrariarema.com.br\/loja\/wp-json\/wp\/v2\/product_cat?post=342982"},{"taxonomy":"product_tag","embeddable":true,"href":"https:\/\/www.livrariarema.com.br\/loja\/wp-json\/wp\/v2\/product_tag?post=342982"}],"curies":[{"name":"wp","href":"https:\/\/api.w.org\/{rel}","templated":true}]}}